{"id":20042,"date":"2020-03-29T22:33:25","date_gmt":"2020-03-29T20:33:25","guid":{"rendered":"https:\/\/tuszuj.pl\/?product=hp-toner-ce250a-black-5k"},"modified":"2021-04-29T22:45:00","modified_gmt":"2021-04-29T20:45:00","slug":"hp-toner-ce250a-black-5k","status":"publish","type":"product","link":"https:\/\/tuszuj.pl\/?product=hp-toner-ce250a-black-5k","title":{"rendered":"HP Toner 504A CE250A Black 5K"},"content":{"rendered":"<p>Kolor: czarny<br \/>\nWydajno\u015b\u0107: 5000<br \/>\nKompatybilno\u015b\u0107: HP Color LaserJet CP3525 (CC468A), HP Color LaserJet CP3525dn (CC470A), HP Color LaserJet CP3525n (CC469A), HP Color LaserJet CP3525x (CC471A), HP Color LaserJet CM3530 (CC519A), HP Color LaserJet CM3530fs (CC520A)<\/p>\n","protected":false},"excerpt":{"rendered":"<p>Kolor: czarny Wydajno\u015b\u0107: 5000 Kompatybilno\u015b\u0107: HP Color LaserJet CP3525 (CC468A), HP Color LaserJet CP3525dn (CC470A), HP Color LaserJet CP3525n (CC469A), HP Color LaserJet CP3525x (CC471A), HP Color LaserJet CM3530 (CC519A), HP Color LaserJet CM3530fs (CC520A)<\/p>\n","protected":false},"featured_media":25488,"template":"","meta":{"jetpack_post_was_ever_published":false,"jetpack_publicize_message":"","jetpack_publicize_feature_enabled":true,"jetpack_social_post_already_shared":true,"jetpack_social_options":{"image_generator_settings":{"template":"highway","enabled":false}}},"product_cat":[100,199,102],"product_tag":[],"jetpack_publicize_connections":[],"jetpack_sharing_enabled":true,"_links":{"self":[{"href":"https:\/\/tuszuj.pl\/index.php?rest_route=\/wp\/v2\/product\/20042"}],"collection":[{"href":"https:\/\/tuszuj.pl\/index.php?rest_route=\/wp\/v2\/product"}],"about":[{"href":"https:\/\/tuszuj.pl\/index.php?rest_route=\/wp\/v2\/types\/product"}],"wp:featuredmedia":[{"embeddable":true,"href":"https:\/\/tuszuj.pl\/index.php?rest_route=\/wp\/v2\/media\/25488"}],"wp:attachment":[{"href":"https:\/\/tuszuj.pl\/index.php?rest_route=%2Fwp%2Fv2%2Fmedia&parent=20042"}],"wp:term":[{"taxonomy":"product_cat","embeddable":true,"href":"https:\/\/tuszuj.pl\/index.php?rest_route=%2Fwp%2Fv2%2Fproduct_cat&post=20042"},{"taxonomy":"product_tag","embeddable":true,"href":"https:\/\/tuszuj.pl\/index.php?rest_route=%2Fwp%2Fv2%2Fproduct_tag&post=20042"}],"curies":[{"name":"wp","href":"https:\/\/api.w.org\/{rel}","templated":true}]}}