{"id":20086,"date":"2020-03-29T22:33:56","date_gmt":"2020-03-29T20:33:56","guid":{"rendered":"https:\/\/tuszuj.pl\/?product=hp-toner-nr-05ac-ce505ac-black-23k"},"modified":"2022-05-19T15:54:26","modified_gmt":"2022-05-19T13:54:26","slug":"hp-toner-nr-05ac-ce505ac-black-23k","status":"publish","type":"product","link":"https:\/\/tuszuj.pl\/?product=hp-toner-nr-05ac-ce505ac-black-23k","title":{"rendered":"HP Toner nr 05AC CE505AC Black 2,3K"},"content":{"rendered":"<p>Kolor: czarny<br \/>\nWydajno\u015b\u0107: 2300<br \/>\nKompatybilno\u015b\u0107: HP Laserjet P2035 (CE461A), HP Laserjet P2035n (CE462A), HP LaserJet P2055 (CE456A), HP Laserjet P2055d (CE457A), HP Laserjet P2055dn (CE459A), HP Laserjet P2055x (CE460A)<\/p>\n","protected":false},"excerpt":{"rendered":"<p>Kolor: czarny Wydajno\u015b\u0107: 2300 Kompatybilno\u015b\u0107: HP Laserjet P2035 (CE461A), HP Laserjet P2035n (CE462A), HP LaserJet P2055 (CE456A), HP Laserjet P2055d (CE457A), HP Laserjet P2055dn (CE459A), HP Laserjet P2055x (CE460A)<\/p>\n","protected":false},"featured_media":24891,"template":"","meta":{"jetpack_post_was_ever_published":false,"jetpack_publicize_message":"","jetpack_publicize_feature_enabled":true,"jetpack_social_post_already_shared":true,"jetpack_social_options":{"image_generator_settings":{"template":"highway","enabled":false}}},"product_cat":[100,199,102],"product_tag":[],"jetpack_publicize_connections":[],"jetpack_sharing_enabled":true,"_links":{"self":[{"href":"https:\/\/tuszuj.pl\/index.php?rest_route=\/wp\/v2\/product\/20086"}],"collection":[{"href":"https:\/\/tuszuj.pl\/index.php?rest_route=\/wp\/v2\/product"}],"about":[{"href":"https:\/\/tuszuj.pl\/index.php?rest_route=\/wp\/v2\/types\/product"}],"wp:featuredmedia":[{"embeddable":true,"href":"https:\/\/tuszuj.pl\/index.php?rest_route=\/wp\/v2\/media\/24891"}],"wp:attachment":[{"href":"https:\/\/tuszuj.pl\/index.php?rest_route=%2Fwp%2Fv2%2Fmedia&parent=20086"}],"wp:term":[{"taxonomy":"product_cat","embeddable":true,"href":"https:\/\/tuszuj.pl\/index.php?rest_route=%2Fwp%2Fv2%2Fproduct_cat&post=20086"},{"taxonomy":"product_tag","embeddable":true,"href":"https:\/\/tuszuj.pl\/index.php?rest_route=%2Fwp%2Fv2%2Fproduct_tag&post=20086"}],"curies":[{"name":"wp","href":"https:\/\/api.w.org\/{rel}","templated":true}]}}