{"id":20091,"date":"2020-03-29T22:34:00","date_gmt":"2020-03-29T20:34:00","guid":{"rendered":"https:\/\/tuszuj.pl\/?product=hp-toner-nr-05xd-ce505xd-black-2pack-2x65k"},"modified":"2022-05-19T15:49:13","modified_gmt":"2022-05-19T13:49:13","slug":"hp-toner-nr-05xd-ce505xd-black-2pack-2x65k","status":"publish","type":"product","link":"https:\/\/tuszuj.pl\/?product=hp-toner-nr-05xd-ce505xd-black-2pack-2x65k","title":{"rendered":"HP Toner nr 05XD CE505XD Black 2pack 2&#215;6,5K"},"content":{"rendered":"<p>Kolor: czarny<br \/>\nWydajno\u015b\u0107: 2&#215;6500<br \/>\nKompatybilno\u015b\u0107: HP LaserJet P2055d (CE457A), HP LaserJet P2055dn (CE459A), HP LaserJet P2055x<\/p>\n","protected":false},"excerpt":{"rendered":"<p>Kolor: czarny Wydajno\u015b\u0107: 2&#215;6500 Kompatybilno\u015b\u0107: HP LaserJet P2055d (CE457A), HP LaserJet P2055dn (CE459A), HP LaserJet P2055x<\/p>\n","protected":false},"featured_media":24882,"template":"","meta":{"jetpack_post_was_ever_published":false,"jetpack_publicize_message":"","jetpack_publicize_feature_enabled":true,"jetpack_social_post_already_shared":true,"jetpack_social_options":{"image_generator_settings":{"template":"highway","enabled":false}}},"product_cat":[100,199,102],"product_tag":[],"jetpack_publicize_connections":[],"jetpack_sharing_enabled":true,"_links":{"self":[{"href":"https:\/\/tuszuj.pl\/index.php?rest_route=\/wp\/v2\/product\/20091"}],"collection":[{"href":"https:\/\/tuszuj.pl\/index.php?rest_route=\/wp\/v2\/product"}],"about":[{"href":"https:\/\/tuszuj.pl\/index.php?rest_route=\/wp\/v2\/types\/product"}],"wp:featuredmedia":[{"embeddable":true,"href":"https:\/\/tuszuj.pl\/index.php?rest_route=\/wp\/v2\/media\/24882"}],"wp:attachment":[{"href":"https:\/\/tuszuj.pl\/index.php?rest_route=%2Fwp%2Fv2%2Fmedia&parent=20091"}],"wp:term":[{"taxonomy":"product_cat","embeddable":true,"href":"https:\/\/tuszuj.pl\/index.php?rest_route=%2Fwp%2Fv2%2Fproduct_cat&post=20091"},{"taxonomy":"product_tag","embeddable":true,"href":"https:\/\/tuszuj.pl\/index.php?rest_route=%2Fwp%2Fv2%2Fproduct_tag&post=20091"}],"curies":[{"name":"wp","href":"https:\/\/api.w.org\/{rel}","templated":true}]}}