{"id":20095,"date":"2020-03-29T22:34:03","date_gmt":"2020-03-29T20:34:03","guid":{"rendered":"https:\/\/tuszuj.pl\/?product=hp-toner-nr-10a-q2610a-black-6k"},"modified":"2022-05-19T15:47:31","modified_gmt":"2022-05-19T13:47:31","slug":"hp-toner-nr-10a-q2610a-black-6k","status":"publish","type":"product","link":"https:\/\/tuszuj.pl\/?product=hp-toner-nr-10a-q2610a-black-6k","title":{"rendered":"HP Toner nr 10A Q2610A Black 6K"},"content":{"rendered":"<p>Kolor: czarny<br \/>\nWydajno\u015b\u0107: 6000<br \/>\nKompatybilno\u015b\u0107: HP LaserJet 2300, HP LaserJet 2300d, HP LaserJet 2300dn, HP LaserJet 2300dtn, HP LaserJet 2300l, HP LaserJet 2300n<\/p>\n","protected":false},"excerpt":{"rendered":"<p>Kolor: czarny Wydajno\u015b\u0107: 6000 Kompatybilno\u015b\u0107: HP LaserJet 2300, HP LaserJet 2300d, HP LaserJet 2300dn, HP LaserJet 2300dtn, HP LaserJet 2300l, HP LaserJet 2300n<\/p>\n","protected":false},"featured_media":25511,"template":"","meta":{"jetpack_post_was_ever_published":false,"jetpack_publicize_message":"","jetpack_publicize_feature_enabled":true,"jetpack_social_post_already_shared":true,"jetpack_social_options":{"image_generator_settings":{"template":"highway","enabled":false}}},"product_cat":[100,199,102],"product_tag":[],"jetpack_publicize_connections":[],"jetpack_sharing_enabled":true,"_links":{"self":[{"href":"https:\/\/tuszuj.pl\/index.php?rest_route=\/wp\/v2\/product\/20095"}],"collection":[{"href":"https:\/\/tuszuj.pl\/index.php?rest_route=\/wp\/v2\/product"}],"about":[{"href":"https:\/\/tuszuj.pl\/index.php?rest_route=\/wp\/v2\/types\/product"}],"wp:featuredmedia":[{"embeddable":true,"href":"https:\/\/tuszuj.pl\/index.php?rest_route=\/wp\/v2\/media\/25511"}],"wp:attachment":[{"href":"https:\/\/tuszuj.pl\/index.php?rest_route=%2Fwp%2Fv2%2Fmedia&parent=20095"}],"wp:term":[{"taxonomy":"product_cat","embeddable":true,"href":"https:\/\/tuszuj.pl\/index.php?rest_route=%2Fwp%2Fv2%2Fproduct_cat&post=20095"},{"taxonomy":"product_tag","embeddable":true,"href":"https:\/\/tuszuj.pl\/index.php?rest_route=%2Fwp%2Fv2%2Fproduct_tag&post=20095"}],"curies":[{"name":"wp","href":"https:\/\/api.w.org\/{rel}","templated":true}]}}