{"id":20101,"date":"2020-03-29T22:34:06","date_gmt":"2020-03-29T20:34:06","guid":{"rendered":"https:\/\/tuszuj.pl\/?product=hp-toner-nr-11a-q6511a-black-6k"},"modified":"2022-05-19T15:45:46","modified_gmt":"2022-05-19T13:45:46","slug":"hp-toner-nr-11a-q6511a-black-6k","status":"publish","type":"product","link":"https:\/\/tuszuj.pl\/?product=hp-toner-nr-11a-q6511a-black-6k","title":{"rendered":"HP Toner nr 11A Q6511A Black 6K"},"content":{"rendered":"<p>Kolor: czarny<br \/>\nWydajno\u015b\u0107: 6000<br \/>\nKompatybilno\u015b\u0107: HP LaserJet 2410, HP LaserJet 2420, HP LaserJet 2420d, HP LaserJet 2420n, HP LaserJet 2420dn, HP LaserJet 2430, HP LaserJet 2430t, HP LaserJet 2430tn, HP LaserJet 2430dtn<\/p>\n","protected":false},"excerpt":{"rendered":"<p>Kolor: czarny Wydajno\u015b\u0107: 6000 Kompatybilno\u015b\u0107: HP LaserJet 2410, HP LaserJet 2420, HP LaserJet 2420d, HP LaserJet 2420n, HP LaserJet 2420dn, HP LaserJet 2430, HP LaserJet 2430t, HP LaserJet 2430tn, HP LaserJet 2430dtn<\/p>\n","protected":false},"featured_media":25514,"template":"","meta":{"jetpack_post_was_ever_published":false,"jetpack_publicize_message":"","jetpack_publicize_feature_enabled":true,"jetpack_social_post_already_shared":true,"jetpack_social_options":{"image_generator_settings":{"template":"highway","enabled":false}}},"product_cat":[100,199,102],"product_tag":[],"jetpack_publicize_connections":[],"jetpack_sharing_enabled":true,"_links":{"self":[{"href":"https:\/\/tuszuj.pl\/index.php?rest_route=\/wp\/v2\/product\/20101"}],"collection":[{"href":"https:\/\/tuszuj.pl\/index.php?rest_route=\/wp\/v2\/product"}],"about":[{"href":"https:\/\/tuszuj.pl\/index.php?rest_route=\/wp\/v2\/types\/product"}],"wp:featuredmedia":[{"embeddable":true,"href":"https:\/\/tuszuj.pl\/index.php?rest_route=\/wp\/v2\/media\/25514"}],"wp:attachment":[{"href":"https:\/\/tuszuj.pl\/index.php?rest_route=%2Fwp%2Fv2%2Fmedia&parent=20101"}],"wp:term":[{"taxonomy":"product_cat","embeddable":true,"href":"https:\/\/tuszuj.pl\/index.php?rest_route=%2Fwp%2Fv2%2Fproduct_cat&post=20101"},{"taxonomy":"product_tag","embeddable":true,"href":"https:\/\/tuszuj.pl\/index.php?rest_route=%2Fwp%2Fv2%2Fproduct_tag&post=20101"}],"curies":[{"name":"wp","href":"https:\/\/api.w.org\/{rel}","templated":true}]}}