{"id":20143,"date":"2020-03-29T22:34:35","date_gmt":"2020-03-29T20:34:35","guid":{"rendered":"https:\/\/tuszuj.pl\/?product=hp-toner-nr-15x-c7115x-black-35k"},"modified":"2022-05-19T15:30:45","modified_gmt":"2022-05-19T13:30:45","slug":"hp-toner-nr-15x-c7115x-black-35k","status":"publish","type":"product","link":"https:\/\/tuszuj.pl\/?product=hp-toner-nr-15x-c7115x-black-35k","title":{"rendered":"HP Toner nr 15X C7115X Black 3,5K"},"content":{"rendered":"<p>Kolor: czarny<br \/>\nWydajno\u015b\u0107: 3500<br \/>\nKompatybilno\u015b\u0107: HP LaserJet 1000w (Q1342A), HP LaserJet 1005w (Q2676A), HP LaserJet 1200 (C7044A), HP LaserJet 1200n (C7048A), HP LaserJet 1220 (C7045A), HP LaserJet 3300 mfp (C9124A), HP LaserJet 3320 mfp (C9125A), HP LaserJet 3320n mfp (C9151A), HP LaserJet 3330 mfp (C9126A), HP LaserJet 3380 (Q2660A)<\/p>\n","protected":false},"excerpt":{"rendered":"<p>Kolor: czarny Wydajno\u015b\u0107: 3500 Kompatybilno\u015b\u0107: HP LaserJet 1000w (Q1342A), HP LaserJet 1005w (Q2676A), HP LaserJet 1200 (C7044A), HP LaserJet 1200n (C7048A), HP LaserJet 1220 (C7045A), HP LaserJet 3300 mfp (C9124A), HP LaserJet 3320 mfp (C9125A), HP LaserJet 3320n mfp (C9151A), HP LaserJet 3330 mfp (C9126A), HP LaserJet 3380 (Q2660A)<\/p>\n","protected":false},"featured_media":24949,"template":"","meta":{"jetpack_post_was_ever_published":false,"jetpack_publicize_message":"","jetpack_publicize_feature_enabled":true,"jetpack_social_post_already_shared":true,"jetpack_social_options":{"image_generator_settings":{"template":"highway","enabled":false}}},"product_cat":[100,199,102],"product_tag":[],"jetpack_publicize_connections":[],"jetpack_sharing_enabled":true,"_links":{"self":[{"href":"https:\/\/tuszuj.pl\/index.php?rest_route=\/wp\/v2\/product\/20143"}],"collection":[{"href":"https:\/\/tuszuj.pl\/index.php?rest_route=\/wp\/v2\/product"}],"about":[{"href":"https:\/\/tuszuj.pl\/index.php?rest_route=\/wp\/v2\/types\/product"}],"wp:featuredmedia":[{"embeddable":true,"href":"https:\/\/tuszuj.pl\/index.php?rest_route=\/wp\/v2\/media\/24949"}],"wp:attachment":[{"href":"https:\/\/tuszuj.pl\/index.php?rest_route=%2Fwp%2Fv2%2Fmedia&parent=20143"}],"wp:term":[{"taxonomy":"product_cat","embeddable":true,"href":"https:\/\/tuszuj.pl\/index.php?rest_route=%2Fwp%2Fv2%2Fproduct_cat&post=20143"},{"taxonomy":"product_tag","embeddable":true,"href":"https:\/\/tuszuj.pl\/index.php?rest_route=%2Fwp%2Fv2%2Fproduct_tag&post=20143"}],"curies":[{"name":"wp","href":"https:\/\/api.w.org\/{rel}","templated":true}]}}