{"id":20145,"date":"2020-03-29T22:34:36","date_gmt":"2020-03-29T20:34:36","guid":{"rendered":"https:\/\/tuszuj.pl\/?product=hp-toner-nr-16ac-q7516ac-black"},"modified":"2022-05-19T10:43:09","modified_gmt":"2022-05-19T08:43:09","slug":"hp-toner-nr-16ac-q7516ac-black","status":"publish","type":"product","link":"https:\/\/tuszuj.pl\/?product=hp-toner-nr-16ac-q7516ac-black","title":{"rendered":"HP Toner nr 16AC Q7516AC Black"},"content":{"rendered":"<p>Kolor: czarny<br \/>\nWydajno\u015b\u0107: 12000<br \/>\nKompatybilno\u015b\u0107: HP LaserJet 5200 (Q7543A), HP LaserJet 5200dtn (Q7546A), HP LaserJet 5200tn (Q7545A)<\/p>\n","protected":false},"excerpt":{"rendered":"<p>Kolor: czarny Wydajno\u015b\u0107: 12000 Kompatybilno\u015b\u0107: HP LaserJet 5200 (Q7543A), HP LaserJet 5200dtn (Q7546A), HP LaserJet 5200tn (Q7545A)<\/p>\n","protected":false},"featured_media":24982,"template":"","meta":{"jetpack_post_was_ever_published":false,"jetpack_publicize_message":"","jetpack_publicize_feature_enabled":true,"jetpack_social_post_already_shared":true,"jetpack_social_options":{"image_generator_settings":{"template":"highway","enabled":false}}},"product_cat":[100,199,102],"product_tag":[],"jetpack_publicize_connections":[],"jetpack_sharing_enabled":true,"_links":{"self":[{"href":"https:\/\/tuszuj.pl\/index.php?rest_route=\/wp\/v2\/product\/20145"}],"collection":[{"href":"https:\/\/tuszuj.pl\/index.php?rest_route=\/wp\/v2\/product"}],"about":[{"href":"https:\/\/tuszuj.pl\/index.php?rest_route=\/wp\/v2\/types\/product"}],"wp:featuredmedia":[{"embeddable":true,"href":"https:\/\/tuszuj.pl\/index.php?rest_route=\/wp\/v2\/media\/24982"}],"wp:attachment":[{"href":"https:\/\/tuszuj.pl\/index.php?rest_route=%2Fwp%2Fv2%2Fmedia&parent=20145"}],"wp:term":[{"taxonomy":"product_cat","embeddable":true,"href":"https:\/\/tuszuj.pl\/index.php?rest_route=%2Fwp%2Fv2%2Fproduct_cat&post=20145"},{"taxonomy":"product_tag","embeddable":true,"href":"https:\/\/tuszuj.pl\/index.php?rest_route=%2Fwp%2Fv2%2Fproduct_tag&post=20145"}],"curies":[{"name":"wp","href":"https:\/\/api.w.org\/{rel}","templated":true}]}}