{"id":20194,"date":"2020-03-29T22:35:18","date_gmt":"2020-03-29T20:35:18","guid":{"rendered":"https:\/\/tuszuj.pl\/?product=hp-toner-nr-305x-ce410x-black-4k"},"modified":"2022-05-19T10:27:43","modified_gmt":"2022-05-19T08:27:43","slug":"hp-toner-nr-305x-ce410x-black-4k","status":"publish","type":"product","link":"https:\/\/tuszuj.pl\/?product=hp-toner-nr-305x-ce410x-black-4k","title":{"rendered":"HP Toner nr 305X CE410X Black 4K"},"content":{"rendered":"<p>Kolor: black<br \/>\nWydajno\u015b\u0107: 4000<br \/>\nKompatybilno\u015b\u0107: HP LaserJet Pro 300 color M351a, HP LaserJet Pro 300 color MFP M375nw, HP LaserJet Pro 400 color M451dn, HP LaserJet Pro 400 color M451dw, HP LaserJet Pro 400 color M451nw, HP LaserJet Pro 400 color MFP M475dn, HP LaserJet Pro 400 color MFP M475dw<\/p>\n","protected":false},"excerpt":{"rendered":"<p>Kolor: black Wydajno\u015b\u0107: 4000 Kompatybilno\u015b\u0107: HP LaserJet Pro 300 color M351a, HP LaserJet Pro 300 color MFP M375nw, HP LaserJet Pro 400 color M451dn, HP LaserJet Pro 400 color M451dw, HP LaserJet Pro 400 color M451nw, HP LaserJet Pro 400 color MFP M475dn, HP LaserJet Pro 400 color MFP M475dw<\/p>\n","protected":false},"featured_media":25521,"template":"","meta":{"jetpack_post_was_ever_published":false,"jetpack_publicize_message":"","jetpack_publicize_feature_enabled":true,"jetpack_social_post_already_shared":true,"jetpack_social_options":{"image_generator_settings":{"template":"highway","enabled":false}}},"product_cat":[100,199,102],"product_tag":[],"jetpack_publicize_connections":[],"jetpack_sharing_enabled":true,"_links":{"self":[{"href":"https:\/\/tuszuj.pl\/index.php?rest_route=\/wp\/v2\/product\/20194"}],"collection":[{"href":"https:\/\/tuszuj.pl\/index.php?rest_route=\/wp\/v2\/product"}],"about":[{"href":"https:\/\/tuszuj.pl\/index.php?rest_route=\/wp\/v2\/types\/product"}],"wp:featuredmedia":[{"embeddable":true,"href":"https:\/\/tuszuj.pl\/index.php?rest_route=\/wp\/v2\/media\/25521"}],"wp:attachment":[{"href":"https:\/\/tuszuj.pl\/index.php?rest_route=%2Fwp%2Fv2%2Fmedia&parent=20194"}],"wp:term":[{"taxonomy":"product_cat","embeddable":true,"href":"https:\/\/tuszuj.pl\/index.php?rest_route=%2Fwp%2Fv2%2Fproduct_cat&post=20194"},{"taxonomy":"product_tag","embeddable":true,"href":"https:\/\/tuszuj.pl\/index.php?rest_route=%2Fwp%2Fv2%2Fproduct_tag&post=20194"}],"curies":[{"name":"wp","href":"https:\/\/api.w.org\/{rel}","templated":true}]}}