{"id":20198,"date":"2020-03-29T22:35:20","date_gmt":"2020-03-29T20:35:20","guid":{"rendered":"https:\/\/tuszuj.pl\/?product=hp-toner-nr-30x-cf230x-black-3-5k"},"modified":"2022-05-19T10:23:49","modified_gmt":"2022-05-19T08:23:49","slug":"hp-toner-nr-30x-cf230x-black-3-5k","status":"publish","type":"product","link":"https:\/\/tuszuj.pl\/?product=hp-toner-nr-30x-cf230x-black-3-5k","title":{"rendered":"HP Toner nr 30X CF230X Black 3.5K"},"content":{"rendered":"<p>Kolor: czarny<br \/>\nWydajno\u015b\u0107: 3500<br \/>\nKompatybilno\u015b\u0107: HP LaserJet Pro M203dn (G3Q46A), HP LaserJet Pro M203dw (G3Q47A), HP LaserJet Pro M227fdn (G3Q79A), HP LaserJet Pro MFP M227fdw (G3Q75A), HP LaserJet Pro MFP M227sdn (G3Q74A)<\/p>\n","protected":false},"excerpt":{"rendered":"<p>Kolor: czarny Wydajno\u015b\u0107: 3500 Kompatybilno\u015b\u0107: HP LaserJet Pro M203dn (G3Q46A), HP LaserJet Pro M203dw (G3Q47A), HP LaserJet Pro M227fdn (G3Q79A), HP LaserJet Pro MFP M227fdw (G3Q75A), HP LaserJet Pro MFP M227sdn (G3Q74A)<\/p>\n","protected":false},"featured_media":25029,"template":"","meta":{"jetpack_post_was_ever_published":false,"jetpack_publicize_message":"","jetpack_publicize_feature_enabled":true,"jetpack_social_post_already_shared":true,"jetpack_social_options":{"image_generator_settings":{"template":"highway","enabled":false}}},"product_cat":[100,199,102],"product_tag":[],"jetpack_publicize_connections":[],"jetpack_sharing_enabled":true,"_links":{"self":[{"href":"https:\/\/tuszuj.pl\/index.php?rest_route=\/wp\/v2\/product\/20198"}],"collection":[{"href":"https:\/\/tuszuj.pl\/index.php?rest_route=\/wp\/v2\/product"}],"about":[{"href":"https:\/\/tuszuj.pl\/index.php?rest_route=\/wp\/v2\/types\/product"}],"wp:featuredmedia":[{"embeddable":true,"href":"https:\/\/tuszuj.pl\/index.php?rest_route=\/wp\/v2\/media\/25029"}],"wp:attachment":[{"href":"https:\/\/tuszuj.pl\/index.php?rest_route=%2Fwp%2Fv2%2Fmedia&parent=20198"}],"wp:term":[{"taxonomy":"product_cat","embeddable":true,"href":"https:\/\/tuszuj.pl\/index.php?rest_route=%2Fwp%2Fv2%2Fproduct_cat&post=20198"},{"taxonomy":"product_tag","embeddable":true,"href":"https:\/\/tuszuj.pl\/index.php?rest_route=%2Fwp%2Fv2%2Fproduct_tag&post=20198"}],"curies":[{"name":"wp","href":"https:\/\/api.w.org\/{rel}","templated":true}]}}