{"id":20211,"date":"2020-03-29T22:35:37","date_gmt":"2020-03-29T20:35:37","guid":{"rendered":"https:\/\/tuszuj.pl\/?product=hp-toner-nr-35a-cb435a-black-15k"},"modified":"2022-05-19T10:20:55","modified_gmt":"2022-05-19T08:20:55","slug":"hp-toner-nr-35a-cb435a-black-15k","status":"publish","type":"product","link":"https:\/\/tuszuj.pl\/?product=hp-toner-nr-35a-cb435a-black-15k","title":{"rendered":"HP Toner nr 35A CB435A Black 1,5K"},"content":{"rendered":"<p>Kolor: czarny<br \/>\nWydajno\u015b\u0107: 1500<br \/>\nKompatybilno\u015b\u0107: HP LaserJet P1005 (CB410A), HP LaserJet P1006 (CB411A)<\/p>\n","protected":false},"excerpt":{"rendered":"<p>Kolor: czarny Wydajno\u015b\u0107: 1500 Kompatybilno\u015b\u0107: HP LaserJet P1005 (CB410A), HP LaserJet P1006 (CB411A)<\/p>\n","protected":false},"featured_media":24916,"template":"","meta":{"jetpack_post_was_ever_published":false,"jetpack_publicize_message":"","jetpack_publicize_feature_enabled":true,"jetpack_social_post_already_shared":true,"jetpack_social_options":{"image_generator_settings":{"template":"highway","enabled":false}}},"product_cat":[100,199,102],"product_tag":[],"jetpack_publicize_connections":[],"jetpack_sharing_enabled":true,"_links":{"self":[{"href":"https:\/\/tuszuj.pl\/index.php?rest_route=\/wp\/v2\/product\/20211"}],"collection":[{"href":"https:\/\/tuszuj.pl\/index.php?rest_route=\/wp\/v2\/product"}],"about":[{"href":"https:\/\/tuszuj.pl\/index.php?rest_route=\/wp\/v2\/types\/product"}],"wp:featuredmedia":[{"embeddable":true,"href":"https:\/\/tuszuj.pl\/index.php?rest_route=\/wp\/v2\/media\/24916"}],"wp:attachment":[{"href":"https:\/\/tuszuj.pl\/index.php?rest_route=%2Fwp%2Fv2%2Fmedia&parent=20211"}],"wp:term":[{"taxonomy":"product_cat","embeddable":true,"href":"https:\/\/tuszuj.pl\/index.php?rest_route=%2Fwp%2Fv2%2Fproduct_cat&post=20211"},{"taxonomy":"product_tag","embeddable":true,"href":"https:\/\/tuszuj.pl\/index.php?rest_route=%2Fwp%2Fv2%2Fproduct_tag&post=20211"}],"curies":[{"name":"wp","href":"https:\/\/api.w.org\/{rel}","templated":true}]}}