{"id":20213,"date":"2020-03-29T22:35:38","date_gmt":"2020-03-29T20:35:38","guid":{"rendered":"https:\/\/tuszuj.pl\/?product=hp-toner-nr-36a-cb436a-black-2k"},"modified":"2022-05-19T10:18:07","modified_gmt":"2022-05-19T08:18:07","slug":"hp-toner-nr-36a-cb436a-black-2k","status":"publish","type":"product","link":"https:\/\/tuszuj.pl\/?product=hp-toner-nr-36a-cb436a-black-2k","title":{"rendered":"HP Toner nr 36A CB436A Black 2K"},"content":{"rendered":"<p>Kolor: czarny<br \/>\nWydajno\u015b\u0107: 2000<br \/>\nKompatybilno\u015b\u0107: HP LaserJet M1120 MFP (CB537A), HP LaserJet M1120n MFP (CC459A), HP LaserJet M1522n MFP (CC372A), HP LaserJet M1522nf MFP (CB534A), HP LaserJet P1505 (CB412A), HP LaserJet P1505n (CB413A)<\/p>\n","protected":false},"excerpt":{"rendered":"<p>Kolor: czarny Wydajno\u015b\u0107: 2000 Kompatybilno\u015b\u0107: HP LaserJet M1120 MFP (CB537A), HP LaserJet M1120n MFP (CC459A), HP LaserJet M1522n MFP (CC372A), HP LaserJet M1522nf MFP (CB534A), HP LaserJet P1505 (CB412A), HP LaserJet P1505n (CB413A)<\/p>\n","protected":false},"featured_media":24923,"template":"","meta":{"jetpack_post_was_ever_published":false,"jetpack_publicize_message":"","jetpack_publicize_feature_enabled":true,"jetpack_social_post_already_shared":true,"jetpack_social_options":{"image_generator_settings":{"template":"highway","enabled":false}}},"product_cat":[100,199,102],"product_tag":[],"jetpack_publicize_connections":[],"jetpack_sharing_enabled":true,"_links":{"self":[{"href":"https:\/\/tuszuj.pl\/index.php?rest_route=\/wp\/v2\/product\/20213"}],"collection":[{"href":"https:\/\/tuszuj.pl\/index.php?rest_route=\/wp\/v2\/product"}],"about":[{"href":"https:\/\/tuszuj.pl\/index.php?rest_route=\/wp\/v2\/types\/product"}],"wp:featuredmedia":[{"embeddable":true,"href":"https:\/\/tuszuj.pl\/index.php?rest_route=\/wp\/v2\/media\/24923"}],"wp:attachment":[{"href":"https:\/\/tuszuj.pl\/index.php?rest_route=%2Fwp%2Fv2%2Fmedia&parent=20213"}],"wp:term":[{"taxonomy":"product_cat","embeddable":true,"href":"https:\/\/tuszuj.pl\/index.php?rest_route=%2Fwp%2Fv2%2Fproduct_cat&post=20213"},{"taxonomy":"product_tag","embeddable":true,"href":"https:\/\/tuszuj.pl\/index.php?rest_route=%2Fwp%2Fv2%2Fproduct_tag&post=20213"}],"curies":[{"name":"wp","href":"https:\/\/api.w.org\/{rel}","templated":true}]}}