{"id":20226,"date":"2020-03-29T22:35:46","date_gmt":"2020-03-29T20:35:46","guid":{"rendered":"https:\/\/tuszuj.pl\/?product=hp-toner-nr-410a-cf412a-yellow-23k"},"modified":"2022-05-19T10:05:54","modified_gmt":"2022-05-19T08:05:54","slug":"hp-toner-nr-410a-cf412a-yellow-23k","status":"publish","type":"product","link":"https:\/\/tuszuj.pl\/?product=hp-toner-nr-410a-cf412a-yellow-23k","title":{"rendered":"HP Toner nr 410A CF412A Yellow 2,3K"},"content":{"rendered":"<p>Kolor: yellow<br \/>\nWydajno\u015b\u0107: 2300<br \/>\nKompatybilno\u015b\u0107: HP Color LaserJet Pro MFP M377dw (M5H23A), HP Color LaserJet Pro M452dn (CF389A), HP Color LaserJet Pro M452nw (CF388A), HP Color LaserJet Pro MFP M477fdw (CF379A), HP Color LaserJet Pro MFP M477fdn (CF378A), HP Color LaserJet Pro MFP M477fnw (CF377A)<\/p>\n","protected":false},"excerpt":{"rendered":"<p>Kolor: yellow Wydajno\u015b\u0107: 2300 Kompatybilno\u015b\u0107: HP Color LaserJet Pro MFP M377dw (M5H23A), HP Color LaserJet Pro M452dn (CF389A), HP Color LaserJet Pro M452nw (CF388A), HP Color LaserJet Pro MFP M477fdw (CF379A), HP Color LaserJet Pro MFP M477fdn (CF378A), HP Color LaserJet Pro MFP M477fnw (CF377A)<\/p>\n","protected":false},"featured_media":25531,"template":"","meta":{"jetpack_post_was_ever_published":false,"jetpack_publicize_message":"","jetpack_publicize_feature_enabled":true,"jetpack_social_post_already_shared":true,"jetpack_social_options":{"image_generator_settings":{"template":"highway","enabled":false}}},"product_cat":[100,199,102],"product_tag":[],"jetpack_publicize_connections":[],"jetpack_sharing_enabled":true,"_links":{"self":[{"href":"https:\/\/tuszuj.pl\/index.php?rest_route=\/wp\/v2\/product\/20226"}],"collection":[{"href":"https:\/\/tuszuj.pl\/index.php?rest_route=\/wp\/v2\/product"}],"about":[{"href":"https:\/\/tuszuj.pl\/index.php?rest_route=\/wp\/v2\/types\/product"}],"wp:featuredmedia":[{"embeddable":true,"href":"https:\/\/tuszuj.pl\/index.php?rest_route=\/wp\/v2\/media\/25531"}],"wp:attachment":[{"href":"https:\/\/tuszuj.pl\/index.php?rest_route=%2Fwp%2Fv2%2Fmedia&parent=20226"}],"wp:term":[{"taxonomy":"product_cat","embeddable":true,"href":"https:\/\/tuszuj.pl\/index.php?rest_route=%2Fwp%2Fv2%2Fproduct_cat&post=20226"},{"taxonomy":"product_tag","embeddable":true,"href":"https:\/\/tuszuj.pl\/index.php?rest_route=%2Fwp%2Fv2%2Fproduct_tag&post=20226"}],"curies":[{"name":"wp","href":"https:\/\/api.w.org\/{rel}","templated":true}]}}