{"id":20231,"date":"2020-03-29T22:35:49","date_gmt":"2020-03-29T20:35:49","guid":{"rendered":"https:\/\/tuszuj.pl\/?product=hp-toner-nr-410x-cf411x-cyan-5k"},"modified":"2022-05-19T09:58:53","modified_gmt":"2022-05-19T07:58:53","slug":"hp-toner-nr-410x-cf411x-cyan-5k","status":"publish","type":"product","link":"https:\/\/tuszuj.pl\/?product=hp-toner-nr-410x-cf411x-cyan-5k","title":{"rendered":"HP Toner nr 410X CF411X Cyan 5K"},"content":{"rendered":"<p>Kolor: cyan<br \/>\nWydajno\u015b\u0107: 5000<br \/>\nKompatybilno\u015b\u0107: HP Color LaserJet Pro MFP M377dw (M5H23A), HP Color LaserJet Pro M452dn (CF389A), HP Color LaserJet Pro M452nw (CF388A), HP Color LaserJet Pro MFP M477fdw (CF379A), HP Color LaserJet Pro MFP M477fdn (CF378A), HP Color LaserJet Pro MFP M477fnw (CF377A)<\/p>\n","protected":false},"excerpt":{"rendered":"<p>Kolor: cyan Wydajno\u015b\u0107: 5000 Kompatybilno\u015b\u0107: HP Color LaserJet Pro MFP M377dw (M5H23A), HP Color LaserJet Pro M452dn (CF389A), HP Color LaserJet Pro M452nw (CF388A), HP Color LaserJet Pro MFP M477fdw (CF379A), HP Color LaserJet Pro MFP M477fdn (CF378A), HP Color LaserJet Pro MFP M477fnw (CF377A)<\/p>\n","protected":false},"featured_media":25527,"template":"","meta":{"jetpack_post_was_ever_published":false,"jetpack_publicize_message":"","jetpack_publicize_feature_enabled":true,"jetpack_social_post_already_shared":true,"jetpack_social_options":{"image_generator_settings":{"template":"highway","enabled":false}}},"product_cat":[100,199,102],"product_tag":[],"jetpack_publicize_connections":[],"jetpack_sharing_enabled":true,"_links":{"self":[{"href":"https:\/\/tuszuj.pl\/index.php?rest_route=\/wp\/v2\/product\/20231"}],"collection":[{"href":"https:\/\/tuszuj.pl\/index.php?rest_route=\/wp\/v2\/product"}],"about":[{"href":"https:\/\/tuszuj.pl\/index.php?rest_route=\/wp\/v2\/types\/product"}],"wp:featuredmedia":[{"embeddable":true,"href":"https:\/\/tuszuj.pl\/index.php?rest_route=\/wp\/v2\/media\/25527"}],"wp:attachment":[{"href":"https:\/\/tuszuj.pl\/index.php?rest_route=%2Fwp%2Fv2%2Fmedia&parent=20231"}],"wp:term":[{"taxonomy":"product_cat","embeddable":true,"href":"https:\/\/tuszuj.pl\/index.php?rest_route=%2Fwp%2Fv2%2Fproduct_cat&post=20231"},{"taxonomy":"product_tag","embeddable":true,"href":"https:\/\/tuszuj.pl\/index.php?rest_route=%2Fwp%2Fv2%2Fproduct_tag&post=20231"}],"curies":[{"name":"wp","href":"https:\/\/api.w.org\/{rel}","templated":true}]}}