{"id":20265,"date":"2020-03-29T22:36:10","date_gmt":"2020-03-29T20:36:10","guid":{"rendered":"https:\/\/tuszuj.pl\/?product=hp-toner-nr-49a-q5949a-black-25k"},"modified":"2022-05-17T09:14:07","modified_gmt":"2022-05-17T07:14:07","slug":"hp-toner-nr-49a-q5949a-black-25k","status":"publish","type":"product","link":"https:\/\/tuszuj.pl\/?product=hp-toner-nr-49a-q5949a-black-25k","title":{"rendered":"HP Toner nr 49A Q5949A Black 2,5K"},"content":{"rendered":"<p>Kolor: czarny<br \/>\nWydajno\u015b\u0107: 2500<br \/>\nKompatybilno\u015b\u0107: HP LaserJet 1160 (Q5933A), HP LaserJet 1320 (Q5927A), HP LaserJet 1320n (Q5928A), HP LaserJet 1320nw (Q5929A), HP LaserJet 1320tn (Q5930A), HP LaserJet 3390 (Q6500A), HP LaserJet 3392 (Q6501A)<\/p>\n","protected":false},"excerpt":{"rendered":"<p>Kolor: czarny Wydajno\u015b\u0107: 2500 Kompatybilno\u015b\u0107: HP LaserJet 1160 (Q5933A), HP LaserJet 1320 (Q5927A), HP LaserJet 1320n (Q5928A), HP LaserJet 1320nw (Q5929A), HP LaserJet 1320tn (Q5930A), HP LaserJet 3390 (Q6500A), HP LaserJet 3392 (Q6501A)<\/p>\n","protected":false},"featured_media":24899,"template":"","meta":{"jetpack_post_was_ever_published":false,"jetpack_publicize_message":"","jetpack_publicize_feature_enabled":true,"jetpack_social_post_already_shared":true,"jetpack_social_options":{"image_generator_settings":{"template":"highway","enabled":false}}},"product_cat":[100,199,102],"product_tag":[],"jetpack_publicize_connections":[],"jetpack_sharing_enabled":true,"_links":{"self":[{"href":"https:\/\/tuszuj.pl\/index.php?rest_route=\/wp\/v2\/product\/20265"}],"collection":[{"href":"https:\/\/tuszuj.pl\/index.php?rest_route=\/wp\/v2\/product"}],"about":[{"href":"https:\/\/tuszuj.pl\/index.php?rest_route=\/wp\/v2\/types\/product"}],"wp:featuredmedia":[{"embeddable":true,"href":"https:\/\/tuszuj.pl\/index.php?rest_route=\/wp\/v2\/media\/24899"}],"wp:attachment":[{"href":"https:\/\/tuszuj.pl\/index.php?rest_route=%2Fwp%2Fv2%2Fmedia&parent=20265"}],"wp:term":[{"taxonomy":"product_cat","embeddable":true,"href":"https:\/\/tuszuj.pl\/index.php?rest_route=%2Fwp%2Fv2%2Fproduct_cat&post=20265"},{"taxonomy":"product_tag","embeddable":true,"href":"https:\/\/tuszuj.pl\/index.php?rest_route=%2Fwp%2Fv2%2Fproduct_tag&post=20265"}],"curies":[{"name":"wp","href":"https:\/\/api.w.org\/{rel}","templated":true}]}}