{"id":20360,"date":"2020-03-29T22:37:27","date_gmt":"2020-03-29T20:37:27","guid":{"rendered":"https:\/\/tuszuj.pl\/?product=hp-toner-nr-78a-ce278a-black-21k"},"modified":"2022-05-17T08:49:30","modified_gmt":"2022-05-17T06:49:30","slug":"hp-toner-nr-78a-ce278a-black-21k","status":"publish","type":"product","link":"https:\/\/tuszuj.pl\/?product=hp-toner-nr-78a-ce278a-black-21k","title":{"rendered":"HP Toner nr 78A CE278A Black 2,1K"},"content":{"rendered":"<p>Kolor: czarny<br \/>\nWydajno\u015b\u0107: 2100<br \/>\nKompatybilno\u015b\u0107: HP LaserJet Pro M1536dnf MFP (CE538A), HP LaserJet Pro P1566 (CE663A), HP LaserJet Pro P1606dn (CE749A)<\/p>\n","protected":false},"excerpt":{"rendered":"<p>Kolor: czarny Wydajno\u015b\u0107: 2100 Kompatybilno\u015b\u0107: HP LaserJet Pro M1536dnf MFP (CE538A), HP LaserJet Pro P1566 (CE663A), HP LaserJet Pro P1606dn (CE749A)<\/p>\n","protected":false},"featured_media":24809,"template":"","meta":{"jetpack_post_was_ever_published":false,"jetpack_publicize_message":"","jetpack_publicize_feature_enabled":true,"jetpack_social_post_already_shared":true,"jetpack_social_options":{"image_generator_settings":{"template":"highway","enabled":false}}},"product_cat":[100,199,102],"product_tag":[],"jetpack_publicize_connections":[],"jetpack_sharing_enabled":true,"_links":{"self":[{"href":"https:\/\/tuszuj.pl\/index.php?rest_route=\/wp\/v2\/product\/20360"}],"collection":[{"href":"https:\/\/tuszuj.pl\/index.php?rest_route=\/wp\/v2\/product"}],"about":[{"href":"https:\/\/tuszuj.pl\/index.php?rest_route=\/wp\/v2\/types\/product"}],"wp:featuredmedia":[{"embeddable":true,"href":"https:\/\/tuszuj.pl\/index.php?rest_route=\/wp\/v2\/media\/24809"}],"wp:attachment":[{"href":"https:\/\/tuszuj.pl\/index.php?rest_route=%2Fwp%2Fv2%2Fmedia&parent=20360"}],"wp:term":[{"taxonomy":"product_cat","embeddable":true,"href":"https:\/\/tuszuj.pl\/index.php?rest_route=%2Fwp%2Fv2%2Fproduct_cat&post=20360"},{"taxonomy":"product_tag","embeddable":true,"href":"https:\/\/tuszuj.pl\/index.php?rest_route=%2Fwp%2Fv2%2Fproduct_tag&post=20360"}],"curies":[{"name":"wp","href":"https:\/\/api.w.org\/{rel}","templated":true}]}}