{"id":20364,"date":"2020-03-29T22:37:38","date_gmt":"2020-03-29T20:37:38","guid":{"rendered":"https:\/\/tuszuj.pl\/?product=hp-toner-nr-79a-cf279a-black-1k"},"modified":"2023-03-21T17:01:56","modified_gmt":"2023-03-21T16:01:56","slug":"hp-toner-nr-79a-cf279a-black-1k","status":"publish","type":"product","link":"https:\/\/tuszuj.pl\/?product=hp-toner-nr-79a-cf279a-black-1k","title":{"rendered":"HP Toner nr 79A CF279A Black 1K"},"content":{"rendered":"<p>Kolor: czarny<br \/>\nWydajno\u015b\u0107: 1000<br \/>\nKompatybilno\u015b\u0107: HP LaserJet Pro M12a (T0L45A), HP LaserJet Pro M12w (T0L46A), HP LaserJet Pro M26a (T0L49A), HP LaserJet Pro M26nw (T0L50A) MFP<\/p>\n","protected":false},"excerpt":{"rendered":"<p>Kolor: czarny Wydajno\u015b\u0107: 1000 Kompatybilno\u015b\u0107: HP LaserJet Pro M12a (T0L45A), HP LaserJet Pro M12w (T0L46A), HP LaserJet Pro M26a (T0L49A), HP LaserJet Pro M26nw (T0L50A) MFP<\/p>\n","protected":false},"featured_media":24910,"template":"","meta":{"jetpack_post_was_ever_published":false,"jetpack_publicize_message":"","jetpack_publicize_feature_enabled":true,"jetpack_social_post_already_shared":true,"jetpack_social_options":{"image_generator_settings":{"template":"highway","enabled":false}}},"product_cat":[100,199,102],"product_tag":[],"jetpack_publicize_connections":[],"jetpack_sharing_enabled":true,"_links":{"self":[{"href":"https:\/\/tuszuj.pl\/index.php?rest_route=\/wp\/v2\/product\/20364"}],"collection":[{"href":"https:\/\/tuszuj.pl\/index.php?rest_route=\/wp\/v2\/product"}],"about":[{"href":"https:\/\/tuszuj.pl\/index.php?rest_route=\/wp\/v2\/types\/product"}],"wp:featuredmedia":[{"embeddable":true,"href":"https:\/\/tuszuj.pl\/index.php?rest_route=\/wp\/v2\/media\/24910"}],"wp:attachment":[{"href":"https:\/\/tuszuj.pl\/index.php?rest_route=%2Fwp%2Fv2%2Fmedia&parent=20364"}],"wp:term":[{"taxonomy":"product_cat","embeddable":true,"href":"https:\/\/tuszuj.pl\/index.php?rest_route=%2Fwp%2Fv2%2Fproduct_cat&post=20364"},{"taxonomy":"product_tag","embeddable":true,"href":"https:\/\/tuszuj.pl\/index.php?rest_route=%2Fwp%2Fv2%2Fproduct_tag&post=20364"}],"curies":[{"name":"wp","href":"https:\/\/api.w.org\/{rel}","templated":true}]}}