{"id":20407,"date":"2020-03-29T22:38:05","date_gmt":"2020-03-29T20:38:05","guid":{"rendered":"https:\/\/tuszuj.pl\/?product=hp-toner-nr-85a-ce285a-black-16k"},"modified":"2022-05-16T18:10:42","modified_gmt":"2022-05-16T16:10:42","slug":"hp-toner-nr-85a-ce285a-black-16k","status":"publish","type":"product","link":"https:\/\/tuszuj.pl\/?product=hp-toner-nr-85a-ce285a-black-16k","title":{"rendered":"HP Toner nr 85A CE285A Black 1,6K"},"content":{"rendered":"<p>Kolor: czarny<br \/>\nWydajno\u015b\u0107: 1600<br \/>\nKompatybilno\u015b\u0107: HP LaserJet Pro P1102 (CE651A), HP LaserJet Pro P1102s (CE652A), HP LaserJet Pro P1102w (CE657A, CE658A), HP LaserJet Pro M1212nf MFP (CE841A), HP LaserJet Pro M1217nfw MFP (CE844A), HP LaserJet Pro M1132 MFP (CE847A)<\/p>\n","protected":false},"excerpt":{"rendered":"<p>Kolor: czarny Wydajno\u015b\u0107: 1600 Kompatybilno\u015b\u0107: HP LaserJet Pro P1102 (CE651A), HP LaserJet Pro P1102s (CE652A), HP LaserJet Pro P1102w (CE657A, CE658A), HP LaserJet Pro M1212nf MFP (CE841A), HP LaserJet Pro M1217nfw MFP (CE844A), HP LaserJet Pro M1132 MFP (CE847A)<\/p>\n","protected":false},"featured_media":24820,"template":"","meta":{"jetpack_post_was_ever_published":false,"jetpack_publicize_message":"","jetpack_publicize_feature_enabled":true,"jetpack_social_post_already_shared":true,"jetpack_social_options":{"image_generator_settings":{"template":"highway","enabled":false}}},"product_cat":[100,199,102],"product_tag":[],"jetpack_publicize_connections":[],"jetpack_sharing_enabled":true,"_links":{"self":[{"href":"https:\/\/tuszuj.pl\/index.php?rest_route=\/wp\/v2\/product\/20407"}],"collection":[{"href":"https:\/\/tuszuj.pl\/index.php?rest_route=\/wp\/v2\/product"}],"about":[{"href":"https:\/\/tuszuj.pl\/index.php?rest_route=\/wp\/v2\/types\/product"}],"wp:featuredmedia":[{"embeddable":true,"href":"https:\/\/tuszuj.pl\/index.php?rest_route=\/wp\/v2\/media\/24820"}],"wp:attachment":[{"href":"https:\/\/tuszuj.pl\/index.php?rest_route=%2Fwp%2Fv2%2Fmedia&parent=20407"}],"wp:term":[{"taxonomy":"product_cat","embeddable":true,"href":"https:\/\/tuszuj.pl\/index.php?rest_route=%2Fwp%2Fv2%2Fproduct_cat&post=20407"},{"taxonomy":"product_tag","embeddable":true,"href":"https:\/\/tuszuj.pl\/index.php?rest_route=%2Fwp%2Fv2%2Fproduct_tag&post=20407"}],"curies":[{"name":"wp","href":"https:\/\/api.w.org\/{rel}","templated":true}]}}