{"id":20423,"date":"2020-03-29T22:38:25","date_gmt":"2020-03-29T20:38:25","guid":{"rendered":"https:\/\/tuszuj.pl\/?product=hp-toner-nr-92a-c4092a-black-25k"},"modified":"2022-05-16T18:07:05","modified_gmt":"2022-05-16T16:07:05","slug":"hp-toner-nr-92a-c4092a-black-25k","status":"publish","type":"product","link":"https:\/\/tuszuj.pl\/?product=hp-toner-nr-92a-c4092a-black-25k","title":{"rendered":"HP Toner nr 92A C4092A Black 2,5K"},"content":{"rendered":"<p>Kolor: czarny<br \/>\nWydajno\u015b\u0107: 2500<br \/>\nKompatybilno\u015b\u0107: HP LaserJet 3200 (C7052A), HP LaserJet 1100 (C4224A), HP LaserJet 1100a (C4218A)<\/p>\n","protected":false},"excerpt":{"rendered":"<p>Kolor: czarny Wydajno\u015b\u0107: 2500 Kompatybilno\u015b\u0107: HP LaserJet 3200 (C7052A), HP LaserJet 1100 (C4224A), HP LaserJet 1100a (C4218A)<\/p>\n","protected":false},"featured_media":24895,"template":"","meta":{"jetpack_post_was_ever_published":false,"jetpack_publicize_message":"","jetpack_publicize_feature_enabled":true,"jetpack_social_post_already_shared":true,"jetpack_social_options":{"image_generator_settings":{"template":"highway","enabled":false}}},"product_cat":[100,199,102],"product_tag":[],"jetpack_publicize_connections":[],"jetpack_sharing_enabled":true,"_links":{"self":[{"href":"https:\/\/tuszuj.pl\/index.php?rest_route=\/wp\/v2\/product\/20423"}],"collection":[{"href":"https:\/\/tuszuj.pl\/index.php?rest_route=\/wp\/v2\/product"}],"about":[{"href":"https:\/\/tuszuj.pl\/index.php?rest_route=\/wp\/v2\/types\/product"}],"wp:featuredmedia":[{"embeddable":true,"href":"https:\/\/tuszuj.pl\/index.php?rest_route=\/wp\/v2\/media\/24895"}],"wp:attachment":[{"href":"https:\/\/tuszuj.pl\/index.php?rest_route=%2Fwp%2Fv2%2Fmedia&parent=20423"}],"wp:term":[{"taxonomy":"product_cat","embeddable":true,"href":"https:\/\/tuszuj.pl\/index.php?rest_route=%2Fwp%2Fv2%2Fproduct_cat&post=20423"},{"taxonomy":"product_tag","embeddable":true,"href":"https:\/\/tuszuj.pl\/index.php?rest_route=%2Fwp%2Fv2%2Fproduct_tag&post=20423"}],"curies":[{"name":"wp","href":"https:\/\/api.w.org\/{rel}","templated":true}]}}