{"id":20505,"date":"2020-03-29T22:39:20","date_gmt":"2020-03-29T20:39:20","guid":{"rendered":"https:\/\/tuszuj.pl\/?product=hp-tusz-nr-301xl-ch563ee-black-480sh"},"modified":"2023-07-21T16:18:53","modified_gmt":"2023-07-21T14:18:53","slug":"hp-tusz-nr-301xl-ch563ee-black-480sh","status":"publish","type":"product","link":"https:\/\/tuszuj.pl\/?product=hp-tusz-nr-301xl-ch563ee-black-480sh","title":{"rendered":"HP Tusz nr 301XL CH563EE Black 480sh"},"content":{"rendered":"<p>Kolor: czarny<br \/>\nWydajno\u015b\u0107: 8 ml<br \/>\nKompatybilno\u015b\u0107: HP Deskjet 1000, HP Deskjet 1050 \u2013 J410, HP Deskjet 1050se, HP Deskjet 1510 (B2L56B), HP Deskjet 2000, HP Deskjet 2050 \u2013 J510, HP Deskjet 2050A (CQ199B), HP Deskjet 2050se, HP Deskjet 2510 All-in-One (CX027A), HP Deskjet 2540 All-in-One (A9U22B), HP Deskjet 3000 (CH393B), HP HP Deskjet 3000 (CH393B), HP Deskjet 3050 \u2013 J610, HP Deskjet 3050se, HP Deskjet 3050ve, HP Deskjet 3054A e-All-in-One Printer \u2013 J611j, HP ENVY 4500 (A9T80B), HP HP ENVY 4504 e-All-in-One Printer (A9T89A), HP ENVY 5530 e-All-in-One Printer (A9J40A), HP ENVY 5535 e-All-in-One Printer (A9J44A), HP Officejet 4630 e-All-in-One Printer, HP Officejet 4632 e-All-in-One Printer (B4L06B), HP Officejet 4634 e-All-in-One Printer (D4J78B), HP Officejet 4636 e-All-in-One Printer<\/p>\n","protected":false},"excerpt":{"rendered":"<p>Kolor: czarny Wydajno\u015b\u0107: 8 ml Kompatybilno\u015b\u0107: HP Deskjet 1000, HP Deskjet 1050 \u2013 J410, HP Deskjet 1050se, HP Deskjet 1510 (B2L56B), HP Deskjet 2000, HP Deskjet 2050 \u2013 J510, HP Deskjet 2050A (CQ199B), HP Deskjet 2050se, HP Deskjet 2510 All-in-One (CX027A), HP Deskjet 2540 All-in-One (A9U22B), HP Deskjet 3000 (CH393B), HP HP Deskjet 3000 (CH393B), [&hellip;]<\/p>\n","protected":false},"featured_media":24634,"template":"","meta":{"jetpack_post_was_ever_published":false,"jetpack_publicize_message":"","jetpack_publicize_feature_enabled":true,"jetpack_social_post_already_shared":true,"jetpack_social_options":{"image_generator_settings":{"template":"highway","enabled":false}}},"product_cat":[106,199,101],"product_tag":[],"jetpack_publicize_connections":[],"jetpack_sharing_enabled":true,"_links":{"self":[{"href":"https:\/\/tuszuj.pl\/index.php?rest_route=\/wp\/v2\/product\/20505"}],"collection":[{"href":"https:\/\/tuszuj.pl\/index.php?rest_route=\/wp\/v2\/product"}],"about":[{"href":"https:\/\/tuszuj.pl\/index.php?rest_route=\/wp\/v2\/types\/product"}],"wp:featuredmedia":[{"embeddable":true,"href":"https:\/\/tuszuj.pl\/index.php?rest_route=\/wp\/v2\/media\/24634"}],"wp:attachment":[{"href":"https:\/\/tuszuj.pl\/index.php?rest_route=%2Fwp%2Fv2%2Fmedia&parent=20505"}],"wp:term":[{"taxonomy":"product_cat","embeddable":true,"href":"https:\/\/tuszuj.pl\/index.php?rest_route=%2Fwp%2Fv2%2Fproduct_cat&post=20505"},{"taxonomy":"product_tag","embeddable":true,"href":"https:\/\/tuszuj.pl\/index.php?rest_route=%2Fwp%2Fv2%2Fproduct_tag&post=20505"}],"curies":[{"name":"wp","href":"https:\/\/api.w.org\/{rel}","templated":true}]}}