{"id":20508,"date":"2020-03-29T22:39:21","date_gmt":"2020-03-29T20:39:21","guid":{"rendered":"https:\/\/tuszuj.pl\/?product=hp-tusz-nr-302-f6u66ae-black"},"modified":"2023-07-21T16:11:51","modified_gmt":"2023-07-21T14:11:51","slug":"hp-tusz-nr-302-f6u66ae-black","status":"publish","type":"product","link":"https:\/\/tuszuj.pl\/?product=hp-tusz-nr-302-f6u66ae-black","title":{"rendered":"HP Tusz nr 302 F6U66AE black"},"content":{"rendered":"<p>Kolor: czarny<br \/>\nWydajno\u015b\u0107: 3,5 ml<br \/>\nKompatybilno\u015b\u0107: HP Deskjet 1110, HP Deskjet 2130, HP DeskJet 2132, HP DeskJet 2133, HP DeskJet 2134, HP Deskjet 3630 All-in-One Printer, HP DeskJet 3632 All-in-One Printer, HP DeskJet 3639 (F5S43B), HP DeskJet 3639 All-in-One Printer (F5S43C), HP Envy 4513 e-All-In-One (K9H51A), HP Envy 4520 e-All-In-One (F0V63B), HP Envy 4520 e-All-In-One (F0V63B), HP ENVY 4523 All-in-One Printer (J6U60B), HP ENVY 4527 All-in-One Printer (J6U61B), HP OfficeJet 3830, HP OfficeJet 3831, HP OfficeJet 3832, HP OfficeJet 3833, HP OfficeJet 3834, HP OfficeJet 3835, HP OfficeJet 4650, HP OfficeJet 5220 All-in-One Printer (M2U81B), HP OfficeJet 5230 All-in-One Printer (M2U82B), HP OfficeJet 5232 All-in-One Printer (M2U84B).<\/p>\n","protected":false},"excerpt":{"rendered":"<p>Kolor: czarny Wydajno\u015b\u0107: 3,5 ml Kompatybilno\u015b\u0107: HP Deskjet 1110, HP Deskjet 2130, HP DeskJet 2132, HP DeskJet 2133, HP DeskJet 2134, HP Deskjet 3630 All-in-One Printer, HP DeskJet 3632 All-in-One Printer, HP DeskJet 3639 (F5S43B), HP DeskJet 3639 All-in-One Printer (F5S43C), HP Envy 4513 e-All-In-One (K9H51A), HP Envy 4520 e-All-In-One (F0V63B), HP Envy 4520 e-All-In-One [&hellip;]<\/p>\n","protected":false},"featured_media":24642,"template":"","meta":{"jetpack_post_was_ever_published":false,"jetpack_publicize_message":"","jetpack_publicize_feature_enabled":true,"jetpack_social_post_already_shared":true,"jetpack_social_options":{"image_generator_settings":{"template":"highway","enabled":false}}},"product_cat":[106,199,101],"product_tag":[],"jetpack_publicize_connections":[],"jetpack_sharing_enabled":true,"_links":{"self":[{"href":"https:\/\/tuszuj.pl\/index.php?rest_route=\/wp\/v2\/product\/20508"}],"collection":[{"href":"https:\/\/tuszuj.pl\/index.php?rest_route=\/wp\/v2\/product"}],"about":[{"href":"https:\/\/tuszuj.pl\/index.php?rest_route=\/wp\/v2\/types\/product"}],"wp:featuredmedia":[{"embeddable":true,"href":"https:\/\/tuszuj.pl\/index.php?rest_route=\/wp\/v2\/media\/24642"}],"wp:attachment":[{"href":"https:\/\/tuszuj.pl\/index.php?rest_route=%2Fwp%2Fv2%2Fmedia&parent=20508"}],"wp:term":[{"taxonomy":"product_cat","embeddable":true,"href":"https:\/\/tuszuj.pl\/index.php?rest_route=%2Fwp%2Fv2%2Fproduct_cat&post=20508"},{"taxonomy":"product_tag","embeddable":true,"href":"https:\/\/tuszuj.pl\/index.php?rest_route=%2Fwp%2Fv2%2Fproduct_tag&post=20508"}],"curies":[{"name":"wp","href":"https:\/\/api.w.org\/{rel}","templated":true}]}}