{"id":20617,"date":"2020-03-29T22:40:47","date_gmt":"2020-03-29T20:40:47","guid":{"rendered":"https:\/\/tuszuj.pl\/?product=hp-tusz-nr-651-c2p11ae-tri-colour-300str"},"modified":"2022-05-13T16:59:08","modified_gmt":"2022-05-13T14:59:08","slug":"hp-tusz-nr-651-c2p11ae-tri-colour-300str","status":"publish","type":"product","link":"https:\/\/tuszuj.pl\/?product=hp-tusz-nr-651-c2p11ae-tri-colour-300str","title":{"rendered":"HP Tusz nr 651 C2P11AE Tri-colour 300str"},"content":{"rendered":"<p>Kolor: tr\u00f3jkolorowy<br \/>\nWydajno\u015b\u0107: 6,5 ml<br \/>\nKompatybilno\u015b\u0107: HP Deskjet Ink Advantage 5575 (G0V48C), HP Deskjet Ink Advantage 5645 (B9S57C), HP OfficeJet 202 (N4K99C), HP OfficeJet 202 Mobile Printer, HP OfficeJet 202c Mobile Printer, HP Officejet 250 Mobile All-in-One Printer, HP Officejet 252 Mobile All-in-One Printer<\/p>\n","protected":false},"excerpt":{"rendered":"<p>Kolor: tr\u00f3jkolorowy Wydajno\u015b\u0107: 6,5 ml Kompatybilno\u015b\u0107: HP Deskjet Ink Advantage 5575 (G0V48C), HP Deskjet Ink Advantage 5645 (B9S57C), HP OfficeJet 202 (N4K99C), HP OfficeJet 202 Mobile Printer, HP OfficeJet 202c Mobile Printer, HP Officejet 250 Mobile All-in-One Printer, HP Officejet 252 Mobile All-in-One Printer<\/p>\n","protected":false},"featured_media":24743,"template":"","meta":{"jetpack_post_was_ever_published":false,"jetpack_publicize_message":"","jetpack_publicize_feature_enabled":true,"jetpack_social_post_already_shared":true,"jetpack_social_options":{"image_generator_settings":{"template":"highway","enabled":false}}},"product_cat":[106,199,101],"product_tag":[],"jetpack_publicize_connections":[],"jetpack_sharing_enabled":true,"_links":{"self":[{"href":"https:\/\/tuszuj.pl\/index.php?rest_route=\/wp\/v2\/product\/20617"}],"collection":[{"href":"https:\/\/tuszuj.pl\/index.php?rest_route=\/wp\/v2\/product"}],"about":[{"href":"https:\/\/tuszuj.pl\/index.php?rest_route=\/wp\/v2\/types\/product"}],"wp:featuredmedia":[{"embeddable":true,"href":"https:\/\/tuszuj.pl\/index.php?rest_route=\/wp\/v2\/media\/24743"}],"wp:attachment":[{"href":"https:\/\/tuszuj.pl\/index.php?rest_route=%2Fwp%2Fv2%2Fmedia&parent=20617"}],"wp:term":[{"taxonomy":"product_cat","embeddable":true,"href":"https:\/\/tuszuj.pl\/index.php?rest_route=%2Fwp%2Fv2%2Fproduct_cat&post=20617"},{"taxonomy":"product_tag","embeddable":true,"href":"https:\/\/tuszuj.pl\/index.php?rest_route=%2Fwp%2Fv2%2Fproduct_tag&post=20617"}],"curies":[{"name":"wp","href":"https:\/\/api.w.org\/{rel}","templated":true}]}}