{"id":20632,"date":"2020-03-29T22:40:57","date_gmt":"2020-03-29T20:40:57","guid":{"rendered":"https:\/\/tuszuj.pl\/?product=hp-tusz-nr-704-cn692ae-black-480sh"},"modified":"2024-06-03T11:41:22","modified_gmt":"2024-06-03T09:41:22","slug":"hp-tusz-nr-704-cn692ae-black-480sh","status":"publish","type":"product","link":"https:\/\/tuszuj.pl\/?product=hp-tusz-nr-704-cn692ae-black-480sh","title":{"rendered":"HP Tusz nr 704 CN692AE Black 480sh"},"content":{"rendered":"<p>Kolor: czarny<br \/>\nWydajno\u015b\u0107: 6 ml<br \/>\nKompatybilno\u015b\u0107: HP Deskjet Ink Advantage 2060 \u2013 K110a (CQ750A), HP Deskjet Ink Advantage 2010 \u2013 K010a (CQ751A)<\/p>\n","protected":false},"excerpt":{"rendered":"<p>Kolor: czarny Wydajno\u015b\u0107: 6 ml Kompatybilno\u015b\u0107: HP Deskjet Ink Advantage 2060 \u2013 K110a (CQ750A), HP Deskjet Ink Advantage 2010 \u2013 K010a (CQ751A)<\/p>\n","protected":false},"featured_media":24729,"template":"","meta":{"jetpack_post_was_ever_published":false,"jetpack_publicize_message":"","jetpack_publicize_feature_enabled":true,"jetpack_social_post_already_shared":true,"jetpack_social_options":{"image_generator_settings":{"template":"highway","enabled":false}}},"product_cat":[106,199,101],"product_tag":[],"jetpack_publicize_connections":[],"jetpack_sharing_enabled":true,"_links":{"self":[{"href":"https:\/\/tuszuj.pl\/index.php?rest_route=\/wp\/v2\/product\/20632"}],"collection":[{"href":"https:\/\/tuszuj.pl\/index.php?rest_route=\/wp\/v2\/product"}],"about":[{"href":"https:\/\/tuszuj.pl\/index.php?rest_route=\/wp\/v2\/types\/product"}],"wp:featuredmedia":[{"embeddable":true,"href":"https:\/\/tuszuj.pl\/index.php?rest_route=\/wp\/v2\/media\/24729"}],"wp:attachment":[{"href":"https:\/\/tuszuj.pl\/index.php?rest_route=%2Fwp%2Fv2%2Fmedia&parent=20632"}],"wp:term":[{"taxonomy":"product_cat","embeddable":true,"href":"https:\/\/tuszuj.pl\/index.php?rest_route=%2Fwp%2Fv2%2Fproduct_cat&post=20632"},{"taxonomy":"product_tag","embeddable":true,"href":"https:\/\/tuszuj.pl\/index.php?rest_route=%2Fwp%2Fv2%2Fproduct_tag&post=20632"}],"curies":[{"name":"wp","href":"https:\/\/api.w.org\/{rel}","templated":true}]}}