{"id":22346,"date":"2020-03-29T22:59:58","date_gmt":"2020-03-29T20:59:58","guid":{"rendered":"https:\/\/tuszuj.pl\/?product=prism-brother-beben-dr-241cl-4xdrum-15k-rem"},"modified":"2022-05-30T22:40:34","modified_gmt":"2022-05-30T20:40:34","slug":"prism-brother-beben-dr-241cl-4xdrum-15k-rem","status":"publish","type":"product","link":"https:\/\/tuszuj.pl\/?product=prism-brother-beben-dr-241cl-4xdrum-15k-rem","title":{"rendered":"PRISM Brother B\u0119ben DR-241CL 4xdrum 15k Rem."},"content":{"rendered":"<p>Kolor: CMYK<br \/>\nWydajno\u015b\u0107: 15000<br \/>\nKompatybilno\u015b\u0107: Brother DCP-9015CDW, Brother DCP-9017CDW, Brother DCP-9020CDW, Brother DCP-9022CDW, Brother HL-3140CW, Brother HL-3142CW, Brother HL-3150CDW, Brother HL-3152CDW, Brother HL-3170CDW, Brother HL-3170CDW, Brother MFC-9140CDN, Brother MFC-9142CDN, Brother MFC-9330CDW, Brother MFC-9332CDW, Brother MFC-9340CDW, Brother MFC-9342CDW<\/p>\n","protected":false},"excerpt":{"rendered":"<p>Kolor: CMYK Wydajno\u015b\u0107: 15000 Kompatybilno\u015b\u0107: Brother DCP-9015CDW, Brother DCP-9017CDW, Brother DCP-9020CDW, Brother DCP-9022CDW, Brother HL-3140CW, Brother HL-3142CW, Brother HL-3150CDW, Brother HL-3152CDW, Brother HL-3170CDW, Brother HL-3170CDW, Brother MFC-9140CDN, Brother MFC-9142CDN, Brother MFC-9330CDW, Brother MFC-9332CDW, Brother MFC-9340CDW, Brother MFC-9342CDW<\/p>\n","protected":false},"featured_media":14421,"template":"","meta":{"jetpack_post_was_ever_published":false,"jetpack_publicize_message":"","jetpack_publicize_feature_enabled":true,"jetpack_social_post_already_shared":true,"jetpack_social_options":{"image_generator_settings":{"template":"highway","enabled":false}}},"product_cat":[200,208,202],"product_tag":[],"jetpack_publicize_connections":[],"jetpack_sharing_enabled":true,"_links":{"self":[{"href":"https:\/\/tuszuj.pl\/index.php?rest_route=\/wp\/v2\/product\/22346"}],"collection":[{"href":"https:\/\/tuszuj.pl\/index.php?rest_route=\/wp\/v2\/product"}],"about":[{"href":"https:\/\/tuszuj.pl\/index.php?rest_route=\/wp\/v2\/types\/product"}],"wp:featuredmedia":[{"embeddable":true,"href":"https:\/\/tuszuj.pl\/index.php?rest_route=\/wp\/v2\/media\/14421"}],"wp:attachment":[{"href":"https:\/\/tuszuj.pl\/index.php?rest_route=%2Fwp%2Fv2%2Fmedia&parent=22346"}],"wp:term":[{"taxonomy":"product_cat","embeddable":true,"href":"https:\/\/tuszuj.pl\/index.php?rest_route=%2Fwp%2Fv2%2Fproduct_cat&post=22346"},{"taxonomy":"product_tag","embeddable":true,"href":"https:\/\/tuszuj.pl\/index.php?rest_route=%2Fwp%2Fv2%2Fproduct_tag&post=22346"}],"curies":[{"name":"wp","href":"https:\/\/api.w.org\/{rel}","templated":true}]}}