{"id":22353,"date":"2020-03-29T23:00:02","date_gmt":"2020-03-29T21:00:02","guid":{"rendered":"https:\/\/tuszuj.pl\/?product=prism-brother-toner-tn-1030-1k-100-new"},"modified":"2022-05-10T23:51:38","modified_gmt":"2022-05-10T21:51:38","slug":"prism-brother-toner-tn-1030-1k-100-new","status":"publish","type":"product","link":"https:\/\/tuszuj.pl\/?product=prism-brother-toner-tn-1030-1k-100-new","title":{"rendered":"PRISM Brother Toner TN-1030 1k 100% new"},"content":{"rendered":"<p>Kolor: czarny<br \/>\nWydajno\u015b\u0107: 1000<br \/>\nKompatybilno\u015b\u0107: Brother HL-1110, Brother HL-1110E, Brother HL-1112, Brother HL-1112E, Brother HL-1201, Brother HL-1210W, Brother HL-1210WE, Brother HL-1211, Brother HL-1212, Brother DCP-1510, Brother DCP-1510E, Brother DCP-1512, Brother DCP-1512E, Brother DCP-1601, Brother DCP-1610WE, Brother DCP-1612WE, Brother DCP-1616, Brother MFC-1810, Brother MFC-1810E, Brother MFC-1813, Brother MFC-1815, Brother MFC-1815E, Brother MFC-1910WE<\/p>\n","protected":false},"excerpt":{"rendered":"<p>Kolor: czarny Wydajno\u015b\u0107: 1000 Kompatybilno\u015b\u0107: Brother HL-1110, Brother HL-1110E, Brother HL-1112, Brother HL-1112E, Brother HL-1201, Brother HL-1210W, Brother HL-1210WE, Brother HL-1211, Brother HL-1212, Brother DCP-1510, Brother DCP-1510E, Brother DCP-1512, Brother DCP-1512E, Brother DCP-1601, Brother DCP-1610WE, Brother DCP-1612WE, Brother DCP-1616, Brother MFC-1810, Brother MFC-1810E, Brother MFC-1813, Brother MFC-1815, Brother MFC-1815E, Brother MFC-1910WE<\/p>\n","protected":false},"featured_media":14421,"template":"","meta":{"jetpack_post_was_ever_published":false,"jetpack_publicize_message":"","jetpack_publicize_feature_enabled":true,"jetpack_social_post_already_shared":true,"jetpack_social_options":{"image_generator_settings":{"template":"highway","enabled":false}}},"product_cat":[200,226,203],"product_tag":[],"jetpack_publicize_connections":[],"jetpack_sharing_enabled":true,"_links":{"self":[{"href":"https:\/\/tuszuj.pl\/index.php?rest_route=\/wp\/v2\/product\/22353"}],"collection":[{"href":"https:\/\/tuszuj.pl\/index.php?rest_route=\/wp\/v2\/product"}],"about":[{"href":"https:\/\/tuszuj.pl\/index.php?rest_route=\/wp\/v2\/types\/product"}],"wp:featuredmedia":[{"embeddable":true,"href":"https:\/\/tuszuj.pl\/index.php?rest_route=\/wp\/v2\/media\/14421"}],"wp:attachment":[{"href":"https:\/\/tuszuj.pl\/index.php?rest_route=%2Fwp%2Fv2%2Fmedia&parent=22353"}],"wp:term":[{"taxonomy":"product_cat","embeddable":true,"href":"https:\/\/tuszuj.pl\/index.php?rest_route=%2Fwp%2Fv2%2Fproduct_cat&post=22353"},{"taxonomy":"product_tag","embeddable":true,"href":"https:\/\/tuszuj.pl\/index.php?rest_route=%2Fwp%2Fv2%2Fproduct_tag&post=22353"}],"curies":[{"name":"wp","href":"https:\/\/api.w.org\/{rel}","templated":true}]}}