{"id":22364,"date":"2020-03-29T23:00:11","date_gmt":"2020-03-29T21:00:11","guid":{"rendered":"https:\/\/tuszuj.pl\/?product=prism-brother-toner-tn-2220-tn-450-26k-100-new"},"modified":"2022-05-10T23:46:32","modified_gmt":"2022-05-10T21:46:32","slug":"prism-brother-toner-tn-2220-tn-450-26k-100-new","status":"publish","type":"product","link":"https:\/\/tuszuj.pl\/?product=prism-brother-toner-tn-2220-tn-450-26k-100-new","title":{"rendered":"PRISM Brother Toner TN-2220\/TN-450 2,6k 100% new"},"content":{"rendered":"<p>Kolor: czarny<br \/>\nWydajno\u015b\u0107: 2600<br \/>\nKompatybilno\u015b\u0107: Brother DCP-7060, Brother DCP-7060D, Brother DCP-7065DN, Brother DCP-7070DW, Brother DCP-7055, Brother DCP-7055W, Brother DCP-7057E, Brother HL-2240, Brother HL-2240D, Brother HL-2250DN, Brother HL-2270DW, Brother HL-2230, Brother HL-2250, Brother HL-2270, Brother HL-2130, Brother HL-2135W, Brother MFC-7360, Brother MFC-7360N, Brother MFC-7460DN, Brother MFC-7860DW, Brother FAX-2840, Brother FAX-2845, Brother FAX-2940<\/p>\n","protected":false},"excerpt":{"rendered":"<p>Kolor: czarny Wydajno\u015b\u0107: 2600 Kompatybilno\u015b\u0107: Brother DCP-7060, Brother DCP-7060D, Brother DCP-7065DN, Brother DCP-7070DW, Brother DCP-7055, Brother DCP-7055W, Brother DCP-7057E, Brother HL-2240, Brother HL-2240D, Brother HL-2250DN, Brother HL-2270DW, Brother HL-2230, Brother HL-2250, Brother HL-2270, Brother HL-2130, Brother HL-2135W, Brother MFC-7360, Brother MFC-7360N, Brother MFC-7460DN, Brother MFC-7860DW, Brother FAX-2840, Brother FAX-2845, Brother FAX-2940<\/p>\n","protected":false},"featured_media":14421,"template":"","meta":{"jetpack_post_was_ever_published":false,"jetpack_publicize_message":"","jetpack_publicize_feature_enabled":true,"jetpack_social_post_already_shared":true,"jetpack_social_options":{"image_generator_settings":{"template":"highway","enabled":false}}},"product_cat":[200,226,203],"product_tag":[],"jetpack_publicize_connections":[],"jetpack_sharing_enabled":true,"_links":{"self":[{"href":"https:\/\/tuszuj.pl\/index.php?rest_route=\/wp\/v2\/product\/22364"}],"collection":[{"href":"https:\/\/tuszuj.pl\/index.php?rest_route=\/wp\/v2\/product"}],"about":[{"href":"https:\/\/tuszuj.pl\/index.php?rest_route=\/wp\/v2\/types\/product"}],"wp:featuredmedia":[{"embeddable":true,"href":"https:\/\/tuszuj.pl\/index.php?rest_route=\/wp\/v2\/media\/14421"}],"wp:attachment":[{"href":"https:\/\/tuszuj.pl\/index.php?rest_route=%2Fwp%2Fv2%2Fmedia&parent=22364"}],"wp:term":[{"taxonomy":"product_cat","embeddable":true,"href":"https:\/\/tuszuj.pl\/index.php?rest_route=%2Fwp%2Fv2%2Fproduct_cat&post=22364"},{"taxonomy":"product_tag","embeddable":true,"href":"https:\/\/tuszuj.pl\/index.php?rest_route=%2Fwp%2Fv2%2Fproduct_tag&post=22364"}],"curies":[{"name":"wp","href":"https:\/\/api.w.org\/{rel}","templated":true}]}}