{"id":22369,"date":"2020-03-29T23:00:13","date_gmt":"2020-03-29T21:00:13","guid":{"rendered":"https:\/\/tuszuj.pl\/?product=prism-brother-toner-tn-2320-tn-660-26k-100-new"},"modified":"2022-05-27T10:15:11","modified_gmt":"2022-05-27T08:15:11","slug":"prism-brother-toner-tn-2320-tn-660-26k-100-new","status":"publish","type":"product","link":"https:\/\/tuszuj.pl\/?product=prism-brother-toner-tn-2320-tn-660-26k-100-new","title":{"rendered":"PRISM Brother Toner TN-2320\/TN-660 2,6k 100% new"},"content":{"rendered":"<p>Kolor: czarny<br \/>\nWydajno\u015b\u0107: 2600<br \/>\nKompatybilno\u015b\u0107: Brother DCP-L2500D, Brother DCP-L2520DW, Brother DCP-L2540DN, Brother DCP-L2560DW, Brother HL-L2300D, Brother HL-L2340W, Brother HL-L2360DN, Brother HL-L2365DW, Brother MFC-L2700DN, Brother MFC-L2700DW, Brother MFC-L2720DW, Brother MFC-L2740DW<\/p>\n","protected":false},"excerpt":{"rendered":"<p>Kolor: czarny Wydajno\u015b\u0107: 2600 Kompatybilno\u015b\u0107: Brother DCP-L2500D, Brother DCP-L2520DW, Brother DCP-L2540DN, Brother DCP-L2560DW, Brother HL-L2300D, Brother HL-L2340W, Brother HL-L2360DN, Brother HL-L2365DW, Brother MFC-L2700DN, Brother MFC-L2700DW, Brother MFC-L2720DW, Brother MFC-L2740DW<\/p>\n","protected":false},"featured_media":14421,"template":"","meta":{"jetpack_post_was_ever_published":false,"jetpack_publicize_message":"","jetpack_publicize_feature_enabled":true,"jetpack_social_post_already_shared":true,"jetpack_social_options":{"image_generator_settings":{"template":"highway","enabled":false}}},"product_cat":[200,226,203],"product_tag":[],"jetpack_publicize_connections":[],"jetpack_sharing_enabled":true,"_links":{"self":[{"href":"https:\/\/tuszuj.pl\/index.php?rest_route=\/wp\/v2\/product\/22369"}],"collection":[{"href":"https:\/\/tuszuj.pl\/index.php?rest_route=\/wp\/v2\/product"}],"about":[{"href":"https:\/\/tuszuj.pl\/index.php?rest_route=\/wp\/v2\/types\/product"}],"wp:featuredmedia":[{"embeddable":true,"href":"https:\/\/tuszuj.pl\/index.php?rest_route=\/wp\/v2\/media\/14421"}],"wp:attachment":[{"href":"https:\/\/tuszuj.pl\/index.php?rest_route=%2Fwp%2Fv2%2Fmedia&parent=22369"}],"wp:term":[{"taxonomy":"product_cat","embeddable":true,"href":"https:\/\/tuszuj.pl\/index.php?rest_route=%2Fwp%2Fv2%2Fproduct_cat&post=22369"},{"taxonomy":"product_tag","embeddable":true,"href":"https:\/\/tuszuj.pl\/index.php?rest_route=%2Fwp%2Fv2%2Fproduct_tag&post=22369"}],"curies":[{"name":"wp","href":"https:\/\/api.w.org\/{rel}","templated":true}]}}