{"id":22374,"date":"2020-03-29T23:00:25","date_gmt":"2020-03-29T21:00:25","guid":{"rendered":"https:\/\/tuszuj.pl\/?product=prism-brother-toner-tn-2411-black-12k-100-new"},"modified":"2022-05-27T21:52:17","modified_gmt":"2022-05-27T19:52:17","slug":"prism-brother-toner-tn-2411-black-12k-100-new","status":"publish","type":"product","link":"https:\/\/tuszuj.pl\/?product=prism-brother-toner-tn-2411-black-12k-100-new","title":{"rendered":"PRISM Brother Toner TN-2411 Black 1,2k 100% new"},"content":{"rendered":"<p>Kolor: czarny<br \/>\nWydajno\u015b\u0107: 1200<br \/>\nKompatybilno\u015b\u0107: Brother DCP-L2512D, Brother DCP-L2532DW, Brother DCP-L2552DN, Brother HL-L2312D, Brother HL-L2352DW, Brother HL-L2372DN, Brother MFC-L2712DN, Brother MFC-L2712DW, Brother MFC-L2732DW, Brother MFC-L2752DW<br \/>\nBrother DCPL2512D, DCPL2532DW, DCPL2552DN, HLL2312D, HLL2352DW, HLL2372DN, MFCL2712DN, MFCL2712DW, MFCL2732DW, MFCL2752DW<\/p>\n","protected":false},"excerpt":{"rendered":"<p>Kolor: czarny Wydajno\u015b\u0107: 1200 Kompatybilno\u015b\u0107: Brother DCP-L2512D, Brother DCP-L2532DW, Brother DCP-L2552DN, Brother HL-L2312D, Brother HL-L2352DW, Brother HL-L2372DN, Brother MFC-L2712DN, Brother MFC-L2712DW, Brother MFC-L2732DW, Brother MFC-L2752DW Brother DCPL2512D, DCPL2532DW, DCPL2552DN, HLL2312D, HLL2352DW, HLL2372DN, MFCL2712DN, MFCL2712DW, MFCL2732DW, MFCL2752DW<\/p>\n","protected":false},"featured_media":14421,"template":"","meta":{"jetpack_post_was_ever_published":false,"jetpack_publicize_message":"","jetpack_publicize_feature_enabled":true,"jetpack_social_post_already_shared":true,"jetpack_social_options":{"image_generator_settings":{"template":"highway","enabled":false}}},"product_cat":[200,226,203],"product_tag":[],"jetpack_publicize_connections":[],"jetpack_sharing_enabled":true,"_links":{"self":[{"href":"https:\/\/tuszuj.pl\/index.php?rest_route=\/wp\/v2\/product\/22374"}],"collection":[{"href":"https:\/\/tuszuj.pl\/index.php?rest_route=\/wp\/v2\/product"}],"about":[{"href":"https:\/\/tuszuj.pl\/index.php?rest_route=\/wp\/v2\/types\/product"}],"wp:featuredmedia":[{"embeddable":true,"href":"https:\/\/tuszuj.pl\/index.php?rest_route=\/wp\/v2\/media\/14421"}],"wp:attachment":[{"href":"https:\/\/tuszuj.pl\/index.php?rest_route=%2Fwp%2Fv2%2Fmedia&parent=22374"}],"wp:term":[{"taxonomy":"product_cat","embeddable":true,"href":"https:\/\/tuszuj.pl\/index.php?rest_route=%2Fwp%2Fv2%2Fproduct_cat&post=22374"},{"taxonomy":"product_tag","embeddable":true,"href":"https:\/\/tuszuj.pl\/index.php?rest_route=%2Fwp%2Fv2%2Fproduct_tag&post=22374"}],"curies":[{"name":"wp","href":"https:\/\/api.w.org\/{rel}","templated":true}]}}