{"id":22442,"date":"2020-03-29T23:01:12","date_gmt":"2020-03-29T21:01:12","guid":{"rendered":"https:\/\/tuszuj.pl\/?product=prism-brother-tusz-bt-6000-black-6k-100-new"},"modified":"2022-05-10T23:25:15","modified_gmt":"2022-05-10T21:25:15","slug":"prism-brother-tusz-bt-6000-black-6k-100-new","status":"publish","type":"product","link":"https:\/\/tuszuj.pl\/?product=prism-brother-tusz-bt-6000-black-6k-100-new","title":{"rendered":"PRISM Brother Tusz BT-6000 Black 6k 100% new"},"content":{"rendered":"<p>Kolor: czarny<br \/>\nWydajno\u015b\u0107: 6000<br \/>\nKompatybilno\u015b\u0107: Brother DCP-T300, Brother DCP-T500W, Brother DCP-T700W, Brother MFC-T800W, Brother DCP-T310, Brother DCP-T510W, Brother DCP-T710W, Brother MFC-T910DW InkBenefit Plus<\/p>\n","protected":false},"excerpt":{"rendered":"<p>Kolor: czarny Wydajno\u015b\u0107: 6000 Kompatybilno\u015b\u0107: Brother DCP-T300, Brother DCP-T500W, Brother DCP-T700W, Brother MFC-T800W, Brother DCP-T310, Brother DCP-T510W, Brother DCP-T710W, Brother MFC-T910DW InkBenefit Plus<\/p>\n","protected":false},"featured_media":14421,"template":"","meta":{"jetpack_post_was_ever_published":false,"jetpack_publicize_message":"","jetpack_publicize_feature_enabled":true,"jetpack_social_post_already_shared":true,"jetpack_social_options":{"image_generator_settings":{"template":"highway","enabled":false}}},"product_cat":[200,251,204],"product_tag":[],"jetpack_publicize_connections":[],"jetpack_sharing_enabled":true,"_links":{"self":[{"href":"https:\/\/tuszuj.pl\/index.php?rest_route=\/wp\/v2\/product\/22442"}],"collection":[{"href":"https:\/\/tuszuj.pl\/index.php?rest_route=\/wp\/v2\/product"}],"about":[{"href":"https:\/\/tuszuj.pl\/index.php?rest_route=\/wp\/v2\/types\/product"}],"wp:featuredmedia":[{"embeddable":true,"href":"https:\/\/tuszuj.pl\/index.php?rest_route=\/wp\/v2\/media\/14421"}],"wp:attachment":[{"href":"https:\/\/tuszuj.pl\/index.php?rest_route=%2Fwp%2Fv2%2Fmedia&parent=22442"}],"wp:term":[{"taxonomy":"product_cat","embeddable":true,"href":"https:\/\/tuszuj.pl\/index.php?rest_route=%2Fwp%2Fv2%2Fproduct_cat&post=22442"},{"taxonomy":"product_tag","embeddable":true,"href":"https:\/\/tuszuj.pl\/index.php?rest_route=%2Fwp%2Fv2%2Fproduct_tag&post=22442"}],"curies":[{"name":"wp","href":"https:\/\/api.w.org\/{rel}","templated":true}]}}