{"id":22452,"date":"2020-03-29T23:01:16","date_gmt":"2020-03-29T21:01:16","guid":{"rendered":"https:\/\/tuszuj.pl\/?product=prism-brother-tusz-lc-123-121-yellow-11ml-100-new"},"modified":"2022-05-10T23:19:45","modified_gmt":"2022-05-10T21:19:45","slug":"prism-brother-tusz-lc-123-121-yellow-11ml-100-new","status":"publish","type":"product","link":"https:\/\/tuszuj.pl\/?product=prism-brother-tusz-lc-123-121-yellow-11ml-100-new","title":{"rendered":"PRISM Brother Tusz LC-123\/121 Yellow 11ml 100% new"},"content":{"rendered":"<p>Kolor: yellow<br \/>\nWydajno\u015b\u0107: 11 ml<br \/>\nKompatybilno\u015b\u0107: Brother DCP-J132W, Brother DCP-J152W, Brother DCP-J172W, Brother DCP-J552DW, Brother DCP-J752DW, Brother DCP-J4110DW, Brother MFC-J245, Brother MFC-J470DW, Brother MFC-J650DW, Brother MFC-J870DW, Brother MFC-J4410DW, Brother MFC-J4510DW, Brother MFC-J4610DW, Brother MFC-J4710DW, Brother MFC-J6520DW, Brother MFC-J6720DW, Brother MFC-J6920DW<\/p>\n","protected":false},"excerpt":{"rendered":"<p>Kolor: yellow Wydajno\u015b\u0107: 11 ml Kompatybilno\u015b\u0107: Brother DCP-J132W, Brother DCP-J152W, Brother DCP-J172W, Brother DCP-J552DW, Brother DCP-J752DW, Brother DCP-J4110DW, Brother MFC-J245, Brother MFC-J470DW, Brother MFC-J650DW, Brother MFC-J870DW, Brother MFC-J4410DW, Brother MFC-J4510DW, Brother MFC-J4610DW, Brother MFC-J4710DW, Brother MFC-J6520DW, Brother MFC-J6720DW, Brother MFC-J6920DW<\/p>\n","protected":false},"featured_media":14421,"template":"","meta":{"jetpack_post_was_ever_published":false,"jetpack_publicize_message":"","jetpack_publicize_feature_enabled":true,"jetpack_social_post_already_shared":true,"jetpack_social_options":{"image_generator_settings":{"template":"highway","enabled":false}}},"product_cat":[200,251,204],"product_tag":[],"jetpack_publicize_connections":[],"jetpack_sharing_enabled":true,"_links":{"self":[{"href":"https:\/\/tuszuj.pl\/index.php?rest_route=\/wp\/v2\/product\/22452"}],"collection":[{"href":"https:\/\/tuszuj.pl\/index.php?rest_route=\/wp\/v2\/product"}],"about":[{"href":"https:\/\/tuszuj.pl\/index.php?rest_route=\/wp\/v2\/types\/product"}],"wp:featuredmedia":[{"embeddable":true,"href":"https:\/\/tuszuj.pl\/index.php?rest_route=\/wp\/v2\/media\/14421"}],"wp:attachment":[{"href":"https:\/\/tuszuj.pl\/index.php?rest_route=%2Fwp%2Fv2%2Fmedia&parent=22452"}],"wp:term":[{"taxonomy":"product_cat","embeddable":true,"href":"https:\/\/tuszuj.pl\/index.php?rest_route=%2Fwp%2Fv2%2Fproduct_cat&post=22452"},{"taxonomy":"product_tag","embeddable":true,"href":"https:\/\/tuszuj.pl\/index.php?rest_route=%2Fwp%2Fv2%2Fproduct_tag&post=22452"}],"curies":[{"name":"wp","href":"https:\/\/api.w.org\/{rel}","templated":true}]}}