{"id":22459,"date":"2020-03-29T23:01:18","date_gmt":"2020-03-29T21:01:18","guid":{"rendered":"https:\/\/tuszuj.pl\/?product=prism-brother-tusz-lc-223-cyan-11ml-100-new"},"modified":"2022-05-27T22:01:09","modified_gmt":"2022-05-27T20:01:09","slug":"prism-brother-tusz-lc-223-cyan-11ml-100-new","status":"publish","type":"product","link":"https:\/\/tuszuj.pl\/?product=prism-brother-tusz-lc-223-cyan-11ml-100-new","title":{"rendered":"PRISM Brother Tusz LC-223 Cyan 11ml 100% new"},"content":{"rendered":"<p>Kolor: cyan<br \/>\nWydajno\u015b\u0107: 11 ml<br \/>\nKompatybilno\u015b\u0107: Brother DCP-J4120DW, Brother MFC-J4420DW, Brother MFC-J4620DW, Brother MFC-J4625DW, Brother MFC-J5320DW, Brother MFC-J5620DW, Brother MFC-J5625DW, Brother MFC-J5720DW<\/p>\n","protected":false},"excerpt":{"rendered":"<p>Kolor: cyan Wydajno\u015b\u0107: 11 ml Kompatybilno\u015b\u0107: Brother DCP-J4120DW, Brother MFC-J4420DW, Brother MFC-J4620DW, Brother MFC-J4625DW, Brother MFC-J5320DW, Brother MFC-J5620DW, Brother MFC-J5625DW, Brother MFC-J5720DW<\/p>\n","protected":false},"featured_media":14421,"template":"","meta":{"jetpack_post_was_ever_published":false,"jetpack_publicize_message":"","jetpack_publicize_feature_enabled":true,"jetpack_social_post_already_shared":true,"jetpack_social_options":{"image_generator_settings":{"template":"highway","enabled":false}}},"product_cat":[200,251,204],"product_tag":[],"jetpack_publicize_connections":[],"jetpack_sharing_enabled":true,"_links":{"self":[{"href":"https:\/\/tuszuj.pl\/index.php?rest_route=\/wp\/v2\/product\/22459"}],"collection":[{"href":"https:\/\/tuszuj.pl\/index.php?rest_route=\/wp\/v2\/product"}],"about":[{"href":"https:\/\/tuszuj.pl\/index.php?rest_route=\/wp\/v2\/types\/product"}],"wp:featuredmedia":[{"embeddable":true,"href":"https:\/\/tuszuj.pl\/index.php?rest_route=\/wp\/v2\/media\/14421"}],"wp:attachment":[{"href":"https:\/\/tuszuj.pl\/index.php?rest_route=%2Fwp%2Fv2%2Fmedia&parent=22459"}],"wp:term":[{"taxonomy":"product_cat","embeddable":true,"href":"https:\/\/tuszuj.pl\/index.php?rest_route=%2Fwp%2Fv2%2Fproduct_cat&post=22459"},{"taxonomy":"product_tag","embeddable":true,"href":"https:\/\/tuszuj.pl\/index.php?rest_route=%2Fwp%2Fv2%2Fproduct_tag&post=22459"}],"curies":[{"name":"wp","href":"https:\/\/api.w.org\/{rel}","templated":true}]}}