{"id":22799,"date":"2020-03-29T23:04:58","date_gmt":"2020-03-29T21:04:58","guid":{"rendered":"https:\/\/tuszuj.pl\/?product=prism-hp-toner-nr-17a-cf217a-16k-pf-100-new"},"modified":"2022-05-10T21:26:42","modified_gmt":"2022-05-10T19:26:42","slug":"prism-hp-toner-nr-17a-cf217a-16k-pf-100-new","status":"publish","type":"product","link":"https:\/\/tuszuj.pl\/?product=prism-hp-toner-nr-17a-cf217a-16k-pf-100-new","title":{"rendered":"PRISM HP Toner nr 17A CF217A 1,6k PF 100% new"},"content":{"rendered":"<p>Kolor: czarny<br \/>\nWydajno\u015b\u0107: 1600<br \/>\nKompatybilno\u015b\u0107: HP LaserJet Pro M102a (G3Q34A), HP LaserJet Pro M102w (G3Q35A), HP LaserJet Pro M130a (G3Q57A), HP LaserJet Pro M130fn (G3Q59A), HP LaserJet Pro M130fw (G3Q60A), HP LaserJet Pro M130nw (G3Q58A) MFP<\/p>\n","protected":false},"excerpt":{"rendered":"<p>Kolor: czarny Wydajno\u015b\u0107: 1600 Kompatybilno\u015b\u0107: HP LaserJet Pro M102a (G3Q34A), HP LaserJet Pro M102w (G3Q35A), HP LaserJet Pro M130a (G3Q57A), HP LaserJet Pro M130fn (G3Q59A), HP LaserJet Pro M130fw (G3Q60A), HP LaserJet Pro M130nw (G3Q58A) MFP<\/p>\n","protected":false},"featured_media":14421,"template":"","meta":{"jetpack_post_was_ever_published":false,"jetpack_publicize_message":"","jetpack_publicize_feature_enabled":true,"jetpack_social_post_already_shared":true,"jetpack_social_options":{"image_generator_settings":{"template":"highway","enabled":false}}},"product_cat":[200,203,231],"product_tag":[],"jetpack_publicize_connections":[],"jetpack_sharing_enabled":true,"_links":{"self":[{"href":"https:\/\/tuszuj.pl\/index.php?rest_route=\/wp\/v2\/product\/22799"}],"collection":[{"href":"https:\/\/tuszuj.pl\/index.php?rest_route=\/wp\/v2\/product"}],"about":[{"href":"https:\/\/tuszuj.pl\/index.php?rest_route=\/wp\/v2\/types\/product"}],"wp:featuredmedia":[{"embeddable":true,"href":"https:\/\/tuszuj.pl\/index.php?rest_route=\/wp\/v2\/media\/14421"}],"wp:attachment":[{"href":"https:\/\/tuszuj.pl\/index.php?rest_route=%2Fwp%2Fv2%2Fmedia&parent=22799"}],"wp:term":[{"taxonomy":"product_cat","embeddable":true,"href":"https:\/\/tuszuj.pl\/index.php?rest_route=%2Fwp%2Fv2%2Fproduct_cat&post=22799"},{"taxonomy":"product_tag","embeddable":true,"href":"https:\/\/tuszuj.pl\/index.php?rest_route=%2Fwp%2Fv2%2Fproduct_tag&post=22799"}],"curies":[{"name":"wp","href":"https:\/\/api.w.org\/{rel}","templated":true}]}}