{"id":22840,"date":"2020-03-29T23:05:25","date_gmt":"2020-03-29T21:05:25","guid":{"rendered":"https:\/\/tuszuj.pl\/?product=prism-hp-toner-nr-30a-cf230a-16k-100-new"},"modified":"2022-05-10T21:18:25","modified_gmt":"2022-05-10T19:18:25","slug":"prism-hp-toner-nr-30a-cf230a-16k-100-new","status":"publish","type":"product","link":"https:\/\/tuszuj.pl\/?product=prism-hp-toner-nr-30a-cf230a-16k-100-new","title":{"rendered":"PRISM HP Toner nr 30A CF230A 1,6k 100% new"},"content":{"rendered":"<p>Kolor: czarny<br \/>\nWydajno\u015b\u0107: 1600<br \/>\nKompatybilno\u015b\u0107:  HP LaserJet Pro M203dn (G3Q46A), HP LaserJet Pro M203dw (G3Q47A), HP LaserJet Pro M227fdn (G3Q79A), HP LaserJet Pro MFP M227fdw (G3Q75A), HP LaserJet Pro MFP M227sdn (G3Q74A)<\/p>\n","protected":false},"excerpt":{"rendered":"<p>Kolor: czarny Wydajno\u015b\u0107: 1600 Kompatybilno\u015b\u0107: HP LaserJet Pro M203dn (G3Q46A), HP LaserJet Pro M203dw (G3Q47A), HP LaserJet Pro M227fdn (G3Q79A), HP LaserJet Pro MFP M227fdw (G3Q75A), HP LaserJet Pro MFP M227sdn (G3Q74A)<\/p>\n","protected":false},"featured_media":14421,"template":"","meta":{"jetpack_post_was_ever_published":false,"jetpack_publicize_message":"","jetpack_publicize_feature_enabled":true,"jetpack_social_post_already_shared":true,"jetpack_social_options":{"image_generator_settings":{"template":"highway","enabled":false}}},"product_cat":[200,203,231],"product_tag":[],"jetpack_publicize_connections":[],"jetpack_sharing_enabled":true,"_links":{"self":[{"href":"https:\/\/tuszuj.pl\/index.php?rest_route=\/wp\/v2\/product\/22840"}],"collection":[{"href":"https:\/\/tuszuj.pl\/index.php?rest_route=\/wp\/v2\/product"}],"about":[{"href":"https:\/\/tuszuj.pl\/index.php?rest_route=\/wp\/v2\/types\/product"}],"wp:featuredmedia":[{"embeddable":true,"href":"https:\/\/tuszuj.pl\/index.php?rest_route=\/wp\/v2\/media\/14421"}],"wp:attachment":[{"href":"https:\/\/tuszuj.pl\/index.php?rest_route=%2Fwp%2Fv2%2Fmedia&parent=22840"}],"wp:term":[{"taxonomy":"product_cat","embeddable":true,"href":"https:\/\/tuszuj.pl\/index.php?rest_route=%2Fwp%2Fv2%2Fproduct_cat&post=22840"},{"taxonomy":"product_tag","embeddable":true,"href":"https:\/\/tuszuj.pl\/index.php?rest_route=%2Fwp%2Fv2%2Fproduct_tag&post=22840"}],"curies":[{"name":"wp","href":"https:\/\/api.w.org\/{rel}","templated":true}]}}