{"id":22860,"date":"2020-03-29T23:05:42","date_gmt":"2020-03-29T21:05:42","guid":{"rendered":"https:\/\/tuszuj.pl\/?product=prism-hp-toner-nr-410x-cf412x-yell-5k-100-new"},"modified":"2022-05-10T21:12:26","modified_gmt":"2022-05-10T19:12:26","slug":"prism-hp-toner-nr-410x-cf412x-yell-5k-100-new","status":"publish","type":"product","link":"https:\/\/tuszuj.pl\/?product=prism-hp-toner-nr-410x-cf412x-yell-5k-100-new","title":{"rendered":"PRISM HP Toner nr 410X CF412X Yell 5k 100% new"},"content":{"rendered":"<p>Kolor: yellow<br \/>\nWydajno\u015b\u0107: 5000<br \/>\nKompatybilno\u015b\u0107: HP Color LaserJet Pro MFP M377dw (M5H23A), HP Color LaserJet Pro M452dn (CF389A), HP Color LaserJet Pro M452nw (CF388A), HP Color LaserJet Pro MFP M477fdw (CF379A), HP Color LaserJet Pro MFP M477fdn (CF378A), HP Color LaserJet Pro MFP M477fnw (CF377A)<\/p>\n","protected":false},"excerpt":{"rendered":"<p>Kolor: yellow Wydajno\u015b\u0107: 5000 Kompatybilno\u015b\u0107: HP Color LaserJet Pro MFP M377dw (M5H23A), HP Color LaserJet Pro M452dn (CF389A), HP Color LaserJet Pro M452nw (CF388A), HP Color LaserJet Pro MFP M477fdw (CF379A), HP Color LaserJet Pro MFP M477fdn (CF378A), HP Color LaserJet Pro MFP M477fnw (CF377A)<\/p>\n","protected":false},"featured_media":14421,"template":"","meta":{"jetpack_post_was_ever_published":false,"jetpack_publicize_message":"","jetpack_publicize_feature_enabled":true,"jetpack_social_post_already_shared":true,"jetpack_social_options":{"image_generator_settings":{"template":"highway","enabled":false}}},"product_cat":[200,203,231],"product_tag":[],"jetpack_publicize_connections":[],"jetpack_sharing_enabled":true,"_links":{"self":[{"href":"https:\/\/tuszuj.pl\/index.php?rest_route=\/wp\/v2\/product\/22860"}],"collection":[{"href":"https:\/\/tuszuj.pl\/index.php?rest_route=\/wp\/v2\/product"}],"about":[{"href":"https:\/\/tuszuj.pl\/index.php?rest_route=\/wp\/v2\/types\/product"}],"wp:featuredmedia":[{"embeddable":true,"href":"https:\/\/tuszuj.pl\/index.php?rest_route=\/wp\/v2\/media\/14421"}],"wp:attachment":[{"href":"https:\/\/tuszuj.pl\/index.php?rest_route=%2Fwp%2Fv2%2Fmedia&parent=22860"}],"wp:term":[{"taxonomy":"product_cat","embeddable":true,"href":"https:\/\/tuszuj.pl\/index.php?rest_route=%2Fwp%2Fv2%2Fproduct_cat&post=22860"},{"taxonomy":"product_tag","embeddable":true,"href":"https:\/\/tuszuj.pl\/index.php?rest_route=%2Fwp%2Fv2%2Fproduct_tag&post=22860"}],"curies":[{"name":"wp","href":"https:\/\/api.w.org\/{rel}","templated":true}]}}