{"id":22862,"date":"2020-03-29T23:05:42","date_gmt":"2020-03-29T21:05:42","guid":{"rendered":"https:\/\/tuszuj.pl\/?product=prism-hp-toner-nr-42a-q5942a-10k-100-new"},"modified":"2022-05-10T21:05:54","modified_gmt":"2022-05-10T19:05:54","slug":"prism-hp-toner-nr-42a-q5942a-10k-100-new","status":"publish","type":"product","link":"https:\/\/tuszuj.pl\/?product=prism-hp-toner-nr-42a-q5942a-10k-100-new","title":{"rendered":"PRISM HP Toner nr 42A Q5942A 10k 100% new"},"content":{"rendered":"<p>Kolor: czarny<br \/>\nWydajno\u015b\u0107: 10000<br \/>\nKompatybilno\u015b\u0107: HP LaserJet 4250 (Q5400A), HP LaserJet 4250dtn (Q5403A), HP LaserJet 4250dtnsl, HP LaserJet 4250n (Q5401A), HP LaserJet 4250tn (Q5402A), HP LaserJet 4350 (Q5406A), HP LaserJet 4350dtn (Q5409A), HP LaserJet 4350dtnsl (Q5410A), HP LaserJet 4350n (Q5407A), HP LaserJet 4350tn (Q5408A)<\/p>\n","protected":false},"excerpt":{"rendered":"<p>Kolor: czarny Wydajno\u015b\u0107: 10000 Kompatybilno\u015b\u0107: HP LaserJet 4250 (Q5400A), HP LaserJet 4250dtn (Q5403A), HP LaserJet 4250dtnsl, HP LaserJet 4250n (Q5401A), HP LaserJet 4250tn (Q5402A), HP LaserJet 4350 (Q5406A), HP LaserJet 4350dtn (Q5409A), HP LaserJet 4350dtnsl (Q5410A), HP LaserJet 4350n (Q5407A), HP LaserJet 4350tn (Q5408A)<\/p>\n","protected":false},"featured_media":14421,"template":"","meta":{"jetpack_post_was_ever_published":false,"jetpack_publicize_message":"","jetpack_publicize_feature_enabled":true,"jetpack_social_post_already_shared":true,"jetpack_social_options":{"image_generator_settings":{"template":"highway","enabled":false}}},"product_cat":[200,203,231],"product_tag":[],"jetpack_publicize_connections":[],"jetpack_sharing_enabled":true,"_links":{"self":[{"href":"https:\/\/tuszuj.pl\/index.php?rest_route=\/wp\/v2\/product\/22862"}],"collection":[{"href":"https:\/\/tuszuj.pl\/index.php?rest_route=\/wp\/v2\/product"}],"about":[{"href":"https:\/\/tuszuj.pl\/index.php?rest_route=\/wp\/v2\/types\/product"}],"wp:featuredmedia":[{"embeddable":true,"href":"https:\/\/tuszuj.pl\/index.php?rest_route=\/wp\/v2\/media\/14421"}],"wp:attachment":[{"href":"https:\/\/tuszuj.pl\/index.php?rest_route=%2Fwp%2Fv2%2Fmedia&parent=22862"}],"wp:term":[{"taxonomy":"product_cat","embeddable":true,"href":"https:\/\/tuszuj.pl\/index.php?rest_route=%2Fwp%2Fv2%2Fproduct_cat&post=22862"},{"taxonomy":"product_tag","embeddable":true,"href":"https:\/\/tuszuj.pl\/index.php?rest_route=%2Fwp%2Fv2%2Fproduct_tag&post=22862"}],"curies":[{"name":"wp","href":"https:\/\/api.w.org\/{rel}","templated":true}]}}