{"id":22969,"date":"2020-03-29T23:06:54","date_gmt":"2020-03-29T21:06:54","guid":{"rendered":"https:\/\/tuszuj.pl\/?product=prism-hp-tusz-nr-301xl-ch564ee-kolor-18ml-rem"},"modified":"2022-05-10T19:53:31","modified_gmt":"2022-05-10T17:53:31","slug":"prism-hp-tusz-nr-301xl-ch564ee-kolor-18ml-rem","status":"publish","type":"product","link":"https:\/\/tuszuj.pl\/?product=prism-hp-tusz-nr-301xl-ch564ee-kolor-18ml-rem","title":{"rendered":"PRISM HP Tusz nr 301XL CH564EE Kolor 18ml Rem"},"content":{"rendered":"<p>Kolor: tr\u00f3jkolorowy<br \/>\nWydajno\u015b\u0107: 18 ml<br \/>\nKompatybilno\u015b\u0107: HP Deskjet 1000, HP Deskjet 1050 &#8211; J410, HP Deskjet 1050se, HP Deskjet 1510 (B2L56B), HP Deskjet 2000, HP Deskjet 2050 &#8211; J510, HP Deskjet 2050A (CQ199B), HP Deskjet 2050se, HP Deskjet 2510 All-in-One (CX027A), HP Deskjet 2540 All-in-One (A9U22B), HP Deskjet 3000 (CH393B), HP HP Deskjet 3000 (CH393B), HP Deskjet 3050 &#8211; J610, HP Deskjet 3050se, HP Deskjet 3050ve, HP Deskjet 3054A e-All-in-One Printer &#8211; J611j, HP ENVY 4500 (A9T80B), HP HP ENVY 4504 e-All-in-One Printer (A9T89A), HP ENVY 5530 e-All-in-One Printer (A9J40A), HP ENVY 5535 e-All-in-One Printer (A9J44A), HP Officejet 4630 e-All-in-One Printer, HP Officejet 4632 e-All-in-One Printer (B4L06B), HP Officejet 4634 e-All-in-One Printer (D4J78B), HP Officejet 4636 e-All-in-One Printer<\/p>\n","protected":false},"excerpt":{"rendered":"<p>Kolor: tr\u00f3jkolorowy Wydajno\u015b\u0107: 18 ml Kompatybilno\u015b\u0107: HP Deskjet 1000, HP Deskjet 1050 &#8211; J410, HP Deskjet 1050se, HP Deskjet 1510 (B2L56B), HP Deskjet 2000, HP Deskjet 2050 &#8211; J510, HP Deskjet 2050A (CQ199B), HP Deskjet 2050se, HP Deskjet 2510 All-in-One (CX027A), HP Deskjet 2540 All-in-One (A9U22B), HP Deskjet 3000 (CH393B), HP HP Deskjet 3000 (CH393B), [&hellip;]<\/p>\n","protected":false},"featured_media":14421,"template":"","meta":{"jetpack_post_was_ever_published":false,"jetpack_publicize_message":"","jetpack_publicize_feature_enabled":true,"jetpack_social_post_already_shared":true,"jetpack_social_options":{"image_generator_settings":{"template":"highway","enabled":false}}},"product_cat":[200,254,204],"product_tag":[],"jetpack_publicize_connections":[],"jetpack_sharing_enabled":true,"_links":{"self":[{"href":"https:\/\/tuszuj.pl\/index.php?rest_route=\/wp\/v2\/product\/22969"}],"collection":[{"href":"https:\/\/tuszuj.pl\/index.php?rest_route=\/wp\/v2\/product"}],"about":[{"href":"https:\/\/tuszuj.pl\/index.php?rest_route=\/wp\/v2\/types\/product"}],"wp:featuredmedia":[{"embeddable":true,"href":"https:\/\/tuszuj.pl\/index.php?rest_route=\/wp\/v2\/media\/14421"}],"wp:attachment":[{"href":"https:\/\/tuszuj.pl\/index.php?rest_route=%2Fwp%2Fv2%2Fmedia&parent=22969"}],"wp:term":[{"taxonomy":"product_cat","embeddable":true,"href":"https:\/\/tuszuj.pl\/index.php?rest_route=%2Fwp%2Fv2%2Fproduct_cat&post=22969"},{"taxonomy":"product_tag","embeddable":true,"href":"https:\/\/tuszuj.pl\/index.php?rest_route=%2Fwp%2Fv2%2Fproduct_tag&post=22969"}],"curies":[{"name":"wp","href":"https:\/\/api.w.org\/{rel}","templated":true}]}}