{"id":23010,"date":"2020-03-29T23:07:20","date_gmt":"2020-03-29T21:07:20","guid":{"rendered":"https:\/\/tuszuj.pl\/?product=prism-hp-tusz-nr-655-cz112ae-yellow-12ml-rem"},"modified":"2023-07-21T14:49:54","modified_gmt":"2023-07-21T12:49:54","slug":"prism-hp-tusz-nr-655-cz112ae-yellow-12ml-rem","status":"publish","type":"product","link":"https:\/\/tuszuj.pl\/?product=prism-hp-tusz-nr-655-cz112ae-yellow-12ml-rem","title":{"rendered":"PRISM HP Tusz nr 655 CZ112AE Yellow 12ml Rem"},"content":{"rendered":"<p>Kolor: yellow<br \/>\nWydajno\u015b\u0107: 12 ml<br \/>\nKompatybilno\u015b\u0107: HP Deskjet Ink Advantage 3525 e-All-in-One Printer, HP Deskjet Ink Advantage 4615 AiO Printer, HP Deskjet Ink Advantage 4625 AiO Printer, HP Deskjet Ink Advantage 5525 e-All-in-One Printer, HP Deskjet Ink Advantage 6520 e-All-in-One Printer, HP Deskjet Ink Advantage 6525 e-All-in-One Printer<\/p>\n","protected":false},"excerpt":{"rendered":"<p>Kolor: yellow Wydajno\u015b\u0107: 12 ml Kompatybilno\u015b\u0107: HP Deskjet Ink Advantage 3525 e-All-in-One Printer, HP Deskjet Ink Advantage 4615 AiO Printer, HP Deskjet Ink Advantage 4625 AiO Printer, HP Deskjet Ink Advantage 5525 e-All-in-One Printer, HP Deskjet Ink Advantage 6520 e-All-in-One Printer, HP Deskjet Ink Advantage 6525 e-All-in-One Printer<\/p>\n","protected":false},"featured_media":14421,"template":"","meta":{"jetpack_post_was_ever_published":false,"jetpack_publicize_message":"","jetpack_publicize_feature_enabled":true,"jetpack_social_post_already_shared":true,"jetpack_social_options":{"image_generator_settings":{"template":"highway","enabled":false}}},"product_cat":[200,254,204],"product_tag":[],"jetpack_publicize_connections":[],"jetpack_sharing_enabled":true,"_links":{"self":[{"href":"https:\/\/tuszuj.pl\/index.php?rest_route=\/wp\/v2\/product\/23010"}],"collection":[{"href":"https:\/\/tuszuj.pl\/index.php?rest_route=\/wp\/v2\/product"}],"about":[{"href":"https:\/\/tuszuj.pl\/index.php?rest_route=\/wp\/v2\/types\/product"}],"wp:featuredmedia":[{"embeddable":true,"href":"https:\/\/tuszuj.pl\/index.php?rest_route=\/wp\/v2\/media\/14421"}],"wp:attachment":[{"href":"https:\/\/tuszuj.pl\/index.php?rest_route=%2Fwp%2Fv2%2Fmedia&parent=23010"}],"wp:term":[{"taxonomy":"product_cat","embeddable":true,"href":"https:\/\/tuszuj.pl\/index.php?rest_route=%2Fwp%2Fv2%2Fproduct_cat&post=23010"},{"taxonomy":"product_tag","embeddable":true,"href":"https:\/\/tuszuj.pl\/index.php?rest_route=%2Fwp%2Fv2%2Fproduct_tag&post=23010"}],"curies":[{"name":"wp","href":"https:\/\/api.w.org\/{rel}","templated":true}]}}