{"id":23011,"date":"2020-03-29T23:07:20","date_gmt":"2020-03-29T21:07:20","guid":{"rendered":"https:\/\/tuszuj.pl\/?product=prism-hp-tusz-nr-703-cd887ae-black-15ml-rem"},"modified":"2022-05-08T22:54:35","modified_gmt":"2022-05-08T20:54:35","slug":"prism-hp-tusz-nr-703-cd887ae-black-15ml-rem","status":"publish","type":"product","link":"https:\/\/tuszuj.pl\/?product=prism-hp-tusz-nr-703-cd887ae-black-15ml-rem","title":{"rendered":"PRISM HP Tusz nr 703 CD887AE Black 15ml Rem"},"content":{"rendered":"<p>Kolor: czarny<br \/>\nWydajno\u015b\u0107: 15 ml<br \/>\nKompatybilno\u015b\u0107: HP Deskjet D730 (CB728A), HP Deskjet F735 (CB727A), HP Deskjet Ink Advantage (CV035A), HP Deskjet Ink Advantage K109a (CH367A), HP Deskjet Ink Advantage K209a (CH368A), HP DeskJet Ink Advantage K209g (CV035A), HP Photosmart Ink Advantage K510a (CQ796A) (P4C78A)<\/p>\n","protected":false},"excerpt":{"rendered":"<p>Kolor: czarny Wydajno\u015b\u0107: 15 ml Kompatybilno\u015b\u0107: HP Deskjet D730 (CB728A), HP Deskjet F735 (CB727A), HP Deskjet Ink Advantage (CV035A), HP Deskjet Ink Advantage K109a (CH367A), HP Deskjet Ink Advantage K209a (CH368A), HP DeskJet Ink Advantage K209g (CV035A), HP Photosmart Ink Advantage K510a (CQ796A) (P4C78A)<\/p>\n","protected":false},"featured_media":14421,"template":"","meta":{"jetpack_post_was_ever_published":false,"jetpack_publicize_message":"","jetpack_publicize_feature_enabled":true,"jetpack_social_post_already_shared":true,"jetpack_social_options":{"image_generator_settings":{"template":"highway","enabled":false}}},"product_cat":[200,254,204],"product_tag":[],"jetpack_publicize_connections":[],"jetpack_sharing_enabled":true,"_links":{"self":[{"href":"https:\/\/tuszuj.pl\/index.php?rest_route=\/wp\/v2\/product\/23011"}],"collection":[{"href":"https:\/\/tuszuj.pl\/index.php?rest_route=\/wp\/v2\/product"}],"about":[{"href":"https:\/\/tuszuj.pl\/index.php?rest_route=\/wp\/v2\/types\/product"}],"wp:featuredmedia":[{"embeddable":true,"href":"https:\/\/tuszuj.pl\/index.php?rest_route=\/wp\/v2\/media\/14421"}],"wp:attachment":[{"href":"https:\/\/tuszuj.pl\/index.php?rest_route=%2Fwp%2Fv2%2Fmedia&parent=23011"}],"wp:term":[{"taxonomy":"product_cat","embeddable":true,"href":"https:\/\/tuszuj.pl\/index.php?rest_route=%2Fwp%2Fv2%2Fproduct_cat&post=23011"},{"taxonomy":"product_tag","embeddable":true,"href":"https:\/\/tuszuj.pl\/index.php?rest_route=%2Fwp%2Fv2%2Fproduct_tag&post=23011"}],"curies":[{"name":"wp","href":"https:\/\/api.w.org\/{rel}","templated":true}]}}