{"id":23033,"date":"2020-03-29T23:07:38","date_gmt":"2020-03-29T21:07:38","guid":{"rendered":"https:\/\/tuszuj.pl\/?product=prism-hp-tusz-nr-901xl-cc654a-black-20ml-rem"},"modified":"2022-05-08T22:40:52","modified_gmt":"2022-05-08T20:40:52","slug":"prism-hp-tusz-nr-901xl-cc654a-black-20ml-rem","status":"publish","type":"product","link":"https:\/\/tuszuj.pl\/?product=prism-hp-tusz-nr-901xl-cc654a-black-20ml-rem","title":{"rendered":"PRISM HP Tusz nr 901XL CC654A Black 20ml Rem"},"content":{"rendered":"<p>Kolor: czarny<br \/>\nWydajno\u015b\u0107: 20 ml<br \/>\nKompatybilno\u015b\u0107: HP OfficeJet 4500 (CB867A) G510, HP Officejet 4575 All-in-One Printer K710a (CQ808A), HP OfficeJet 4600, HP OfficeJet J4524 (CB855A), HP OfficeJet J4580 (CB780A), HP OfficeJet J4624 (CB858A), HP OfficeJet J4660, HP OfficeJet J4680 (CB783A)<\/p>\n","protected":false},"excerpt":{"rendered":"<p>Kolor: czarny Wydajno\u015b\u0107: 20 ml Kompatybilno\u015b\u0107: HP OfficeJet 4500 (CB867A) G510, HP Officejet 4575 All-in-One Printer K710a (CQ808A), HP OfficeJet 4600, HP OfficeJet J4524 (CB855A), HP OfficeJet J4580 (CB780A), HP OfficeJet J4624 (CB858A), HP OfficeJet J4660, HP OfficeJet J4680 (CB783A)<\/p>\n","protected":false},"featured_media":14421,"template":"","meta":{"jetpack_post_was_ever_published":false,"jetpack_publicize_message":"","jetpack_publicize_feature_enabled":true,"jetpack_social_post_already_shared":true,"jetpack_social_options":{"image_generator_settings":{"template":"highway","enabled":false}}},"product_cat":[200,254,204],"product_tag":[],"jetpack_publicize_connections":[],"jetpack_sharing_enabled":true,"_links":{"self":[{"href":"https:\/\/tuszuj.pl\/index.php?rest_route=\/wp\/v2\/product\/23033"}],"collection":[{"href":"https:\/\/tuszuj.pl\/index.php?rest_route=\/wp\/v2\/product"}],"about":[{"href":"https:\/\/tuszuj.pl\/index.php?rest_route=\/wp\/v2\/types\/product"}],"wp:featuredmedia":[{"embeddable":true,"href":"https:\/\/tuszuj.pl\/index.php?rest_route=\/wp\/v2\/media\/14421"}],"wp:attachment":[{"href":"https:\/\/tuszuj.pl\/index.php?rest_route=%2Fwp%2Fv2%2Fmedia&parent=23033"}],"wp:term":[{"taxonomy":"product_cat","embeddable":true,"href":"https:\/\/tuszuj.pl\/index.php?rest_route=%2Fwp%2Fv2%2Fproduct_cat&post=23033"},{"taxonomy":"product_tag","embeddable":true,"href":"https:\/\/tuszuj.pl\/index.php?rest_route=%2Fwp%2Fv2%2Fproduct_tag&post=23033"}],"curies":[{"name":"wp","href":"https:\/\/api.w.org\/{rel}","templated":true}]}}