{"id":23051,"date":"2020-03-29T23:07:45","date_gmt":"2020-03-29T21:07:45","guid":{"rendered":"https:\/\/tuszuj.pl\/?product=prism-hp-tusz-nr-933xl-cn055ae-magenta-13ml-rem"},"modified":"2020-07-06T17:50:21","modified_gmt":"2020-07-06T15:50:21","slug":"prism-hp-tusz-nr-933xl-cn055ae-magenta-13ml-rem","status":"publish","type":"product","link":"https:\/\/tuszuj.pl\/?product=prism-hp-tusz-nr-933xl-cn055ae-magenta-13ml-rem","title":{"rendered":"PRISM HP Tusz nr 933XL CN055AE Magenta 13ml Rem"},"content":{"rendered":"<p>Kolor: magenta<br \/>\nWydajno\u015b\u0107: 13 ml<br \/>\nKompatybilno\u015b\u0107: HP Officejet 6100 ePrinter (CB863A), HP Officejet 6600 e-All-in-One (CZ163A), e-All-in-One HP Officejet 6700 Premium (CN583A), HP Officejet 7110 Wide Format ePrinter H812a (CR768A), HP Officejet 7610 (CR769A), HP Officejet 7612 e-All-in-One (G1X85A), HP OfficeJet 7510 All-in-One (G3J47A)<\/p>\n","protected":false},"excerpt":{"rendered":"<p>Kolor: magenta Wydajno\u015b\u0107: 13 ml Kompatybilno\u015b\u0107: HP Officejet 6100 ePrinter (CB863A), HP Officejet 6600 e-All-in-One (CZ163A), e-All-in-One HP Officejet 6700 Premium (CN583A), HP Officejet 7110 Wide Format ePrinter H812a (CR768A), HP Officejet 7610 (CR769A), HP Officejet 7612 e-All-in-One (G1X85A), HP OfficeJet 7510 All-in-One (G3J47A)<\/p>\n","protected":false},"featured_media":14421,"template":"","meta":{"jetpack_post_was_ever_published":false,"jetpack_publicize_message":"","jetpack_publicize_feature_enabled":true,"jetpack_social_post_already_shared":true,"jetpack_social_options":{"image_generator_settings":{"template":"highway","enabled":false}}},"product_cat":[200,254,204],"product_tag":[],"jetpack_publicize_connections":[],"jetpack_sharing_enabled":true,"_links":{"self":[{"href":"https:\/\/tuszuj.pl\/index.php?rest_route=\/wp\/v2\/product\/23051"}],"collection":[{"href":"https:\/\/tuszuj.pl\/index.php?rest_route=\/wp\/v2\/product"}],"about":[{"href":"https:\/\/tuszuj.pl\/index.php?rest_route=\/wp\/v2\/types\/product"}],"wp:featuredmedia":[{"embeddable":true,"href":"https:\/\/tuszuj.pl\/index.php?rest_route=\/wp\/v2\/media\/14421"}],"wp:attachment":[{"href":"https:\/\/tuszuj.pl\/index.php?rest_route=%2Fwp%2Fv2%2Fmedia&parent=23051"}],"wp:term":[{"taxonomy":"product_cat","embeddable":true,"href":"https:\/\/tuszuj.pl\/index.php?rest_route=%2Fwp%2Fv2%2Fproduct_cat&post=23051"},{"taxonomy":"product_tag","embeddable":true,"href":"https:\/\/tuszuj.pl\/index.php?rest_route=%2Fwp%2Fv2%2Fproduct_tag&post=23051"}],"curies":[{"name":"wp","href":"https:\/\/api.w.org\/{rel}","templated":true}]}}