{"id":23061,"date":"2020-03-29T23:07:56","date_gmt":"2020-03-29T21:07:56","guid":{"rendered":"https:\/\/tuszuj.pl\/?product=prism-hp-tusz-nr-950xl-cn045ae-black-80ml-rem"},"modified":"2020-07-08T09:31:11","modified_gmt":"2020-07-08T07:31:11","slug":"prism-hp-tusz-nr-950xl-cn045ae-black-80ml-rem","status":"publish","type":"product","link":"https:\/\/tuszuj.pl\/?product=prism-hp-tusz-nr-950xl-cn045ae-black-80ml-rem","title":{"rendered":"PRISM HP Tusz nr 950XL CN045AE Black 80ml Rem"},"content":{"rendered":"<p>Kolor: black<br \/>\nWydajno\u015b\u0107: 80 ml<br \/>\nKompatybilno\u015b\u0107: HP Officejet Pro 8100 ePrinter, HP Officejet Pro 8600, e-All-in-One HP Officejet Pro 8600 Plus, e-All-in-One HP Officejet Pro 8610 (A7F64A), e-All-in-One HP Officejet Pro 8620 (A7F65A), HP Officejet Pro 251dw (CV136A), HP Officejet Pro 276dw (CR770A)<\/p>\n","protected":false},"excerpt":{"rendered":"<p>Kolor: black Wydajno\u015b\u0107: 80 ml Kompatybilno\u015b\u0107: HP Officejet Pro 8100 ePrinter, HP Officejet Pro 8600, e-All-in-One HP Officejet Pro 8600 Plus, e-All-in-One HP Officejet Pro 8610 (A7F64A), e-All-in-One HP Officejet Pro 8620 (A7F65A), HP Officejet Pro 251dw (CV136A), HP Officejet Pro 276dw (CR770A)<\/p>\n","protected":false},"featured_media":14421,"template":"","meta":{"jetpack_post_was_ever_published":false,"jetpack_publicize_message":"","jetpack_publicize_feature_enabled":true,"jetpack_social_post_already_shared":true,"jetpack_social_options":{"image_generator_settings":{"template":"highway","enabled":false}}},"product_cat":[200,254,204],"product_tag":[],"jetpack_publicize_connections":[],"jetpack_sharing_enabled":true,"_links":{"self":[{"href":"https:\/\/tuszuj.pl\/index.php?rest_route=\/wp\/v2\/product\/23061"}],"collection":[{"href":"https:\/\/tuszuj.pl\/index.php?rest_route=\/wp\/v2\/product"}],"about":[{"href":"https:\/\/tuszuj.pl\/index.php?rest_route=\/wp\/v2\/types\/product"}],"wp:featuredmedia":[{"embeddable":true,"href":"https:\/\/tuszuj.pl\/index.php?rest_route=\/wp\/v2\/media\/14421"}],"wp:attachment":[{"href":"https:\/\/tuszuj.pl\/index.php?rest_route=%2Fwp%2Fv2%2Fmedia&parent=23061"}],"wp:term":[{"taxonomy":"product_cat","embeddable":true,"href":"https:\/\/tuszuj.pl\/index.php?rest_route=%2Fwp%2Fv2%2Fproduct_cat&post=23061"},{"taxonomy":"product_tag","embeddable":true,"href":"https:\/\/tuszuj.pl\/index.php?rest_route=%2Fwp%2Fv2%2Fproduct_tag&post=23061"}],"curies":[{"name":"wp","href":"https:\/\/api.w.org\/{rel}","templated":true}]}}