{"id":23064,"date":"2020-03-29T23:07:57","date_gmt":"2020-03-29T21:07:57","guid":{"rendered":"https:\/\/tuszuj.pl\/?product=prism-hp-tusz-nr-951xl-cn048ae-yellow-25ml-rem"},"modified":"2020-07-07T17:40:31","modified_gmt":"2020-07-07T15:40:31","slug":"prism-hp-tusz-nr-951xl-cn048ae-yellow-25ml-rem","status":"publish","type":"product","link":"https:\/\/tuszuj.pl\/?product=prism-hp-tusz-nr-951xl-cn048ae-yellow-25ml-rem","title":{"rendered":"PRISM HP Tusz nr 951XL CN048AE Yellow 25ml Rem"},"content":{"rendered":"<p>Kolor: yellow<br \/>\nWydajno\u015b\u0107: 25 ml<br \/>\nKompatybilno\u015b\u0107: HP Officejet Pro 8100 ePrinter, HP Officejet Pro 8600, e-All-in-One HP Officejet Pro 8600 Plus, e-All-in-One HP Officejet Pro 8610 (A7F64A), e-All-in-One HP Officejet Pro 8620 (A7F65A), HP Officejet Pro 251dw (CV136A), HP Officejet Pro 276dw (CR770A)<\/p>\n","protected":false},"excerpt":{"rendered":"<p>Kolor: yellow Wydajno\u015b\u0107: 25 ml Kompatybilno\u015b\u0107: HP Officejet Pro 8100 ePrinter, HP Officejet Pro 8600, e-All-in-One HP Officejet Pro 8600 Plus, e-All-in-One HP Officejet Pro 8610 (A7F64A), e-All-in-One HP Officejet Pro 8620 (A7F65A), HP Officejet Pro 251dw (CV136A), HP Officejet Pro 276dw (CR770A)<\/p>\n","protected":false},"featured_media":14421,"template":"","meta":{"jetpack_post_was_ever_published":false,"jetpack_publicize_message":"","jetpack_publicize_feature_enabled":true,"jetpack_social_post_already_shared":true,"jetpack_social_options":{"image_generator_settings":{"template":"highway","enabled":false}}},"product_cat":[200,254,204],"product_tag":[],"jetpack_publicize_connections":[],"jetpack_sharing_enabled":true,"_links":{"self":[{"href":"https:\/\/tuszuj.pl\/index.php?rest_route=\/wp\/v2\/product\/23064"}],"collection":[{"href":"https:\/\/tuszuj.pl\/index.php?rest_route=\/wp\/v2\/product"}],"about":[{"href":"https:\/\/tuszuj.pl\/index.php?rest_route=\/wp\/v2\/types\/product"}],"wp:featuredmedia":[{"embeddable":true,"href":"https:\/\/tuszuj.pl\/index.php?rest_route=\/wp\/v2\/media\/14421"}],"wp:attachment":[{"href":"https:\/\/tuszuj.pl\/index.php?rest_route=%2Fwp%2Fv2%2Fmedia&parent=23064"}],"wp:term":[{"taxonomy":"product_cat","embeddable":true,"href":"https:\/\/tuszuj.pl\/index.php?rest_route=%2Fwp%2Fv2%2Fproduct_cat&post=23064"},{"taxonomy":"product_tag","embeddable":true,"href":"https:\/\/tuszuj.pl\/index.php?rest_route=%2Fwp%2Fv2%2Fproduct_tag&post=23064"}],"curies":[{"name":"wp","href":"https:\/\/api.w.org\/{rel}","templated":true}]}}