{"id":23614,"date":"2020-03-29T23:14:02","date_gmt":"2020-03-29T21:14:02","guid":{"rendered":"https:\/\/tuszuj.pl\/?product=prism-samsung-toner-d1052l-su758a-2-5k-100-ml-1910"},"modified":"2022-04-28T17:01:40","modified_gmt":"2022-04-28T15:01:40","slug":"prism-samsung-toner-d1052l-su758a-2-5k-100-ml-1910","status":"publish","type":"product","link":"https:\/\/tuszuj.pl\/?product=prism-samsung-toner-d1052l-su758a-2-5k-100-ml-1910","title":{"rendered":"PRISM Samsung Toner D1052L\/SU758A 2.5K 100% ML-1910"},"content":{"rendered":"<p>Kolor: black<br \/>\nWydajno\u015b\u0107: 2500<br \/>\nKompatybilno\u015b\u0107: Samsung ML-1910, Samsung ML-1911, Samsung ML-1915, Samsung ML-2525, Samsung ML-2525W, Samsung ML-2540, Samsung ML-2545, Samsung ML-2580, Samsung ML-2580N, Samsung SCX-4600, Samsung SCX-4623, Samsung SCX-4623F, Samsung SCX-4623FN, Samsung SF-650<\/p>\n","protected":false},"excerpt":{"rendered":"<p>Kolor: black Wydajno\u015b\u0107: 2500 Kompatybilno\u015b\u0107: Samsung ML-1910, Samsung ML-1911, Samsung ML-1915, Samsung ML-2525, Samsung ML-2525W, Samsung ML-2540, Samsung ML-2545, Samsung ML-2580, Samsung ML-2580N, Samsung SCX-4600, Samsung SCX-4623, Samsung SCX-4623F, Samsung SCX-4623FN, Samsung SF-650<\/p>\n","protected":false},"featured_media":14421,"template":"","meta":{"jetpack_post_was_ever_published":false,"jetpack_publicize_message":"","jetpack_publicize_feature_enabled":true,"jetpack_social_post_already_shared":true,"jetpack_social_options":{"image_generator_settings":{"template":"highway","enabled":false}}},"product_cat":[200,203,234],"product_tag":[],"jetpack_publicize_connections":[],"jetpack_sharing_enabled":true,"_links":{"self":[{"href":"https:\/\/tuszuj.pl\/index.php?rest_route=\/wp\/v2\/product\/23614"}],"collection":[{"href":"https:\/\/tuszuj.pl\/index.php?rest_route=\/wp\/v2\/product"}],"about":[{"href":"https:\/\/tuszuj.pl\/index.php?rest_route=\/wp\/v2\/types\/product"}],"wp:featuredmedia":[{"embeddable":true,"href":"https:\/\/tuszuj.pl\/index.php?rest_route=\/wp\/v2\/media\/14421"}],"wp:attachment":[{"href":"https:\/\/tuszuj.pl\/index.php?rest_route=%2Fwp%2Fv2%2Fmedia&parent=23614"}],"wp:term":[{"taxonomy":"product_cat","embeddable":true,"href":"https:\/\/tuszuj.pl\/index.php?rest_route=%2Fwp%2Fv2%2Fproduct_cat&post=23614"},{"taxonomy":"product_tag","embeddable":true,"href":"https:\/\/tuszuj.pl\/index.php?rest_route=%2Fwp%2Fv2%2Fproduct_tag&post=23614"}],"curies":[{"name":"wp","href":"https:\/\/api.w.org\/{rel}","templated":true}]}}