{"id":23616,"date":"2020-03-29T23:14:03","date_gmt":"2020-03-29T21:14:03","guid":{"rendered":"https:\/\/tuszuj.pl\/?product=prism-samsung-toner-d1082s-ml-1640-15k-100-new"},"modified":"2022-05-27T22:59:17","modified_gmt":"2022-05-27T20:59:17","slug":"prism-samsung-toner-d1082s-ml-1640-15k-100-new","status":"publish","type":"product","link":"https:\/\/tuszuj.pl\/?product=prism-samsung-toner-d1082s-ml-1640-15k-100-new","title":{"rendered":"PRISM Samsung Toner D1082S ML-1640 1,5K 100% new"},"content":{"rendered":"<p>Kolor: black<br \/>\nWydajno\u015b\u0107: 1500<br \/>\nKompatybilno\u015b\u0107: Samsung ML-1640, Samsung ML-1641, Samsung ML-2240, Samsung ML-2241<\/p>\n","protected":false},"excerpt":{"rendered":"<p>Kolor: black Wydajno\u015b\u0107: 1500 Kompatybilno\u015b\u0107: Samsung ML-1640, Samsung ML-1641, Samsung ML-2240, Samsung ML-2241<\/p>\n","protected":false},"featured_media":14421,"template":"","meta":{"jetpack_post_was_ever_published":false,"jetpack_publicize_message":"","jetpack_publicize_feature_enabled":true,"jetpack_social_post_already_shared":true,"jetpack_social_options":{"image_generator_settings":{"template":"highway","enabled":false}}},"product_cat":[200,203,234],"product_tag":[],"jetpack_publicize_connections":[],"jetpack_sharing_enabled":true,"_links":{"self":[{"href":"https:\/\/tuszuj.pl\/index.php?rest_route=\/wp\/v2\/product\/23616"}],"collection":[{"href":"https:\/\/tuszuj.pl\/index.php?rest_route=\/wp\/v2\/product"}],"about":[{"href":"https:\/\/tuszuj.pl\/index.php?rest_route=\/wp\/v2\/types\/product"}],"wp:featuredmedia":[{"embeddable":true,"href":"https:\/\/tuszuj.pl\/index.php?rest_route=\/wp\/v2\/media\/14421"}],"wp:attachment":[{"href":"https:\/\/tuszuj.pl\/index.php?rest_route=%2Fwp%2Fv2%2Fmedia&parent=23616"}],"wp:term":[{"taxonomy":"product_cat","embeddable":true,"href":"https:\/\/tuszuj.pl\/index.php?rest_route=%2Fwp%2Fv2%2Fproduct_cat&post=23616"},{"taxonomy":"product_tag","embeddable":true,"href":"https:\/\/tuszuj.pl\/index.php?rest_route=%2Fwp%2Fv2%2Fproduct_tag&post=23616"}],"curies":[{"name":"wp","href":"https:\/\/api.w.org\/{rel}","templated":true}]}}