{"id":23635,"date":"2020-03-29T23:14:21","date_gmt":"2020-03-29T21:14:21","guid":{"rendered":"https:\/\/tuszuj.pl\/?product=prism-samsung-toner-ml-1630-ml-d1630a-2k-100"},"modified":"2022-05-28T21:34:18","modified_gmt":"2022-05-28T19:34:18","slug":"prism-samsung-toner-ml-1630-ml-d1630a-2k-100","status":"publish","type":"product","link":"https:\/\/tuszuj.pl\/?product=prism-samsung-toner-ml-1630-ml-d1630a-2k-100","title":{"rendered":"PRISM Samsung Toner ML-1630 ML-D1630A 2k 100%"},"content":{"rendered":"<p>Kolor: black<br \/>\nWydajno\u015b\u0107: 2000<br \/>\nKompatybilno\u015b\u0107: Samsung ML-1630, Samsung ML-1630W, Samsung SCX-4500, Samsung SCX-4500W<\/p>\n","protected":false},"excerpt":{"rendered":"<p>Kolor: black Wydajno\u015b\u0107: 2000 Kompatybilno\u015b\u0107: Samsung ML-1630, Samsung ML-1630W, Samsung SCX-4500, Samsung SCX-4500W<\/p>\n","protected":false},"featured_media":14421,"template":"","meta":{"jetpack_post_was_ever_published":false,"jetpack_publicize_message":"","jetpack_publicize_feature_enabled":true,"jetpack_social_post_already_shared":true,"jetpack_social_options":{"image_generator_settings":{"template":"highway","enabled":false}}},"product_cat":[200,203,234],"product_tag":[],"jetpack_publicize_connections":[],"jetpack_sharing_enabled":true,"_links":{"self":[{"href":"https:\/\/tuszuj.pl\/index.php?rest_route=\/wp\/v2\/product\/23635"}],"collection":[{"href":"https:\/\/tuszuj.pl\/index.php?rest_route=\/wp\/v2\/product"}],"about":[{"href":"https:\/\/tuszuj.pl\/index.php?rest_route=\/wp\/v2\/types\/product"}],"wp:featuredmedia":[{"embeddable":true,"href":"https:\/\/tuszuj.pl\/index.php?rest_route=\/wp\/v2\/media\/14421"}],"wp:attachment":[{"href":"https:\/\/tuszuj.pl\/index.php?rest_route=%2Fwp%2Fv2%2Fmedia&parent=23635"}],"wp:term":[{"taxonomy":"product_cat","embeddable":true,"href":"https:\/\/tuszuj.pl\/index.php?rest_route=%2Fwp%2Fv2%2Fproduct_cat&post=23635"},{"taxonomy":"product_tag","embeddable":true,"href":"https:\/\/tuszuj.pl\/index.php?rest_route=%2Fwp%2Fv2%2Fproduct_tag&post=23635"}],"curies":[{"name":"wp","href":"https:\/\/api.w.org\/{rel}","templated":true}]}}