{"id":24133,"date":"2020-03-29T23:19:43","date_gmt":"2020-03-29T21:19:43","guid":{"rendered":"https:\/\/tuszuj.pl\/?product=samsung-toner-mlt-d1052s-su759a-bla-15k"},"modified":"2024-06-01T14:02:06","modified_gmt":"2024-06-01T12:02:06","slug":"samsung-toner-mlt-d1052s-su759a-bla-15k","status":"publish","type":"product","link":"https:\/\/tuszuj.pl\/?product=samsung-toner-mlt-d1052s-su759a-bla-15k","title":{"rendered":"Samsung Toner MLT-D1052S\/SU759A BLA 1,5K"},"content":{"rendered":"<p>Kolor: black<br \/>\nWydajno\u015b\u0107: 1500<br \/>\nKompatybilno\u015b\u0107: Samsung ML-1910, Samsung ML-1911, Samsung ML-1915, Samsung ML-2525, Samsung ML-2525W, Samsung ML-2540, Samsung ML-2545, Samsung ML-2580, Samsung ML-2580N, Samsung SCX-4600, Samsung SCX-4623, Samsung SCX-4623F, Samsung SCX-4623FN, Samsung SF-650<\/p>\n","protected":false},"excerpt":{"rendered":"<p>Kolor: black Wydajno\u015b\u0107: 1500 Kompatybilno\u015b\u0107: Samsung ML-1910, Samsung ML-1911, Samsung ML-1915, Samsung ML-2525, Samsung ML-2525W, Samsung ML-2540, Samsung ML-2545, Samsung ML-2580, Samsung ML-2580N, Samsung SCX-4600, Samsung SCX-4623, Samsung SCX-4623F, Samsung SCX-4623FN, Samsung SF-650<\/p>\n","protected":false},"featured_media":25550,"template":"","meta":{"jetpack_post_was_ever_published":false,"jetpack_publicize_message":"","jetpack_publicize_feature_enabled":true,"jetpack_social_post_already_shared":true,"jetpack_social_options":{"image_generator_settings":{"template":"highway","enabled":false}}},"product_cat":[199,111,102],"product_tag":[],"jetpack_publicize_connections":[],"jetpack_sharing_enabled":true,"_links":{"self":[{"href":"https:\/\/tuszuj.pl\/index.php?rest_route=\/wp\/v2\/product\/24133"}],"collection":[{"href":"https:\/\/tuszuj.pl\/index.php?rest_route=\/wp\/v2\/product"}],"about":[{"href":"https:\/\/tuszuj.pl\/index.php?rest_route=\/wp\/v2\/types\/product"}],"wp:featuredmedia":[{"embeddable":true,"href":"https:\/\/tuszuj.pl\/index.php?rest_route=\/wp\/v2\/media\/25550"}],"wp:attachment":[{"href":"https:\/\/tuszuj.pl\/index.php?rest_route=%2Fwp%2Fv2%2Fmedia&parent=24133"}],"wp:term":[{"taxonomy":"product_cat","embeddable":true,"href":"https:\/\/tuszuj.pl\/index.php?rest_route=%2Fwp%2Fv2%2Fproduct_cat&post=24133"},{"taxonomy":"product_tag","embeddable":true,"href":"https:\/\/tuszuj.pl\/index.php?rest_route=%2Fwp%2Fv2%2Fproduct_tag&post=24133"}],"curies":[{"name":"wp","href":"https:\/\/api.w.org\/{rel}","templated":true}]}}