{"id":24140,"date":"2020-03-29T23:19:46","date_gmt":"2020-03-29T21:19:46","guid":{"rendered":"https:\/\/tuszuj.pl\/?product=samsung-toner-mlt-d119s-su863a-black-2k-ml-1610"},"modified":"2024-06-01T13:26:59","modified_gmt":"2024-06-01T11:26:59","slug":"samsung-toner-mlt-d119s-su863a-black-2k-ml-1610","status":"publish","type":"product","link":"https:\/\/tuszuj.pl\/?product=samsung-toner-mlt-d119s-su863a-black-2k-ml-1610","title":{"rendered":"Samsung Toner MLT-D119S\/SU863A BLACK 2K ML-1610"},"content":{"rendered":"<p>Kolor: black<br \/>\nWydajno\u015b\u0107: 2000<br \/>\nKompatybilno\u015b\u0107: Samsung ML-1610, Samsung ML-1615, Samsung ML-1620, Samsung ML-1625, Samsung ML-2010P, Samsung ML-2510, Samsung ML-2570, Samsung ML-2571N, Samsung SCX-4321, Samsung SCX-4521F, Samsung SCX-4521<\/p>\n","protected":false},"excerpt":{"rendered":"<p>Kolor: black Wydajno\u015b\u0107: 2000 Kompatybilno\u015b\u0107: Samsung ML-1610, Samsung ML-1615, Samsung ML-1620, Samsung ML-1625, Samsung ML-2010P, Samsung ML-2510, Samsung ML-2570, Samsung ML-2571N, Samsung SCX-4321, Samsung SCX-4521F, Samsung SCX-4521<\/p>\n","protected":false},"featured_media":25556,"template":"","meta":{"jetpack_post_was_ever_published":false,"jetpack_publicize_message":"","jetpack_publicize_feature_enabled":true,"jetpack_social_post_already_shared":true,"jetpack_social_options":{"image_generator_settings":{"template":"highway","enabled":false}}},"product_cat":[199,111,102],"product_tag":[],"jetpack_publicize_connections":[],"jetpack_sharing_enabled":true,"_links":{"self":[{"href":"https:\/\/tuszuj.pl\/index.php?rest_route=\/wp\/v2\/product\/24140"}],"collection":[{"href":"https:\/\/tuszuj.pl\/index.php?rest_route=\/wp\/v2\/product"}],"about":[{"href":"https:\/\/tuszuj.pl\/index.php?rest_route=\/wp\/v2\/types\/product"}],"wp:featuredmedia":[{"embeddable":true,"href":"https:\/\/tuszuj.pl\/index.php?rest_route=\/wp\/v2\/media\/25556"}],"wp:attachment":[{"href":"https:\/\/tuszuj.pl\/index.php?rest_route=%2Fwp%2Fv2%2Fmedia&parent=24140"}],"wp:term":[{"taxonomy":"product_cat","embeddable":true,"href":"https:\/\/tuszuj.pl\/index.php?rest_route=%2Fwp%2Fv2%2Fproduct_cat&post=24140"},{"taxonomy":"product_tag","embeddable":true,"href":"https:\/\/tuszuj.pl\/index.php?rest_route=%2Fwp%2Fv2%2Fproduct_tag&post=24140"}],"curies":[{"name":"wp","href":"https:\/\/api.w.org\/{rel}","templated":true}]}}