{"id":25285,"date":"2021-04-11T22:36:07","date_gmt":"2021-04-11T20:36:07","guid":{"rendered":"https:\/\/tuszuj.pl\/?post_type=product&#038;p=25285"},"modified":"2021-04-11T22:36:54","modified_gmt":"2021-04-11T20:36:54","slug":"toner-smart-print-zamiennik-hp-17a-cf217a","status":"publish","type":"product","link":"https:\/\/tuszuj.pl\/?product=toner-smart-print-zamiennik-hp-17a-cf217a","title":{"rendered":"Toner Smart Print zamiennik HP 17A CF217A"},"content":{"rendered":"<p>Kolor: czarny<br \/>\nWydajno\u015b\u0107: 1400<br \/>\nKompatybilno\u015b\u0107: HP LaserJet Pro M102a (G3Q34A), HP LaserJet Pro M102w (G3Q35A), HP LaserJet Pro M130a (G3Q57A), HP LaserJet Pro M130fn (G3Q59A), HP LaserJet Pro M130fw (G3Q60A), HP LaserJet Pro M130nw (G3Q58A) MFP<\/p>\n","protected":false},"excerpt":{"rendered":"<p>Kolor: czarny Wydajno\u015b\u0107: 1400 Kompatybilno\u015b\u0107: HP LaserJet Pro M102a (G3Q34A), HP LaserJet Pro M102w (G3Q35A), HP LaserJet Pro M130a (G3Q57A), HP LaserJet Pro M130fn (G3Q59A), HP LaserJet Pro M130fw (G3Q60A), HP LaserJet Pro M130nw (G3Q58A) MFP<\/p>\n","protected":false},"featured_media":25227,"template":"","meta":{"jetpack_post_was_ever_published":false,"jetpack_publicize_message":"","jetpack_publicize_feature_enabled":true,"jetpack_social_post_already_shared":true,"jetpack_social_options":{"image_generator_settings":{"template":"highway","enabled":false}}},"product_cat":[200,203,231],"product_tag":[],"jetpack_publicize_connections":[],"jetpack_sharing_enabled":true,"_links":{"self":[{"href":"https:\/\/tuszuj.pl\/index.php?rest_route=\/wp\/v2\/product\/25285"}],"collection":[{"href":"https:\/\/tuszuj.pl\/index.php?rest_route=\/wp\/v2\/product"}],"about":[{"href":"https:\/\/tuszuj.pl\/index.php?rest_route=\/wp\/v2\/types\/product"}],"wp:featuredmedia":[{"embeddable":true,"href":"https:\/\/tuszuj.pl\/index.php?rest_route=\/wp\/v2\/media\/25227"}],"wp:attachment":[{"href":"https:\/\/tuszuj.pl\/index.php?rest_route=%2Fwp%2Fv2%2Fmedia&parent=25285"}],"wp:term":[{"taxonomy":"product_cat","embeddable":true,"href":"https:\/\/tuszuj.pl\/index.php?rest_route=%2Fwp%2Fv2%2Fproduct_cat&post=25285"},{"taxonomy":"product_tag","embeddable":true,"href":"https:\/\/tuszuj.pl\/index.php?rest_route=%2Fwp%2Fv2%2Fproduct_tag&post=25285"}],"curies":[{"name":"wp","href":"https:\/\/api.w.org\/{rel}","templated":true}]}}