{"id":25389,"date":"2021-04-26T17:50:03","date_gmt":"2021-04-26T15:50:03","guid":{"rendered":"https:\/\/tuszuj.pl\/?post_type=product&#038;p=25389"},"modified":"2024-05-05T17:07:31","modified_gmt":"2024-05-05T15:07:31","slug":"segregatory-biurowe-55-cm-i-75-cm-rozne-kolory","status":"publish","type":"product","link":"https:\/\/tuszuj.pl\/?product=segregatory-biurowe-55-cm-i-75-cm-rozne-kolory","title":{"rendered":"Segregatory biurowe 5,5 cm i 7,5 cm r\u00f3\u017cne kolory"},"content":{"rendered":"<p>Cena za 1 sztuk\u0119<br \/>\nMateria\u0142: karton (tektura), polipropylen<br \/>\nOpis:<br \/>\n&#8211; ekonomiczny segregator wykonany z kartonu o grubo\u015bci 1,9mm i gramaturze 1170gsm, wyposa\u017cony w doln\u0105 listw\u0119 wzmacniaj\u0105c\u0105<br \/>\n&#8211; pokryty matow\u0105 foli\u0105 polipropylenow\u0105 (100\u03bcm) o strukturze p\u0142\u00f3tna<br \/>\n&#8211; wewn\u0105trz wyklejka papierowa o szarym zabarwieniu odporna na zabrudzenia<br \/>\n&#8211; dwustronna, wymienna etykieta grzbietowa w kratk\u0119<br \/>\n&#8211; wzmocniony otw\u00f3r na palec<br \/>\n&#8211; szeroko\u015b\u0107 grzbietu: 55 mm albo 75mm<br \/>\n&#8211; wymiary: 55x320x285mm<br \/>\n           75x320x285mm<br \/>\n&#8211; 5 lat gwarancji na mechanizm<br \/>\n&#8211; pakowanie: 1 karton &#8211; 25 szt<br \/>\nDost\u0119pne kolory:<br \/>\nniebieski, zielony, granatowy, czerwony, czarny, \u017c\u00f3\u0142ty, pomara\u0144czowy, bordowy, fioletowy, szary, bia\u0142y, turkusowy, r\u00f3\u017cowy<\/p>\n","protected":false},"excerpt":{"rendered":"<p>Cena za 1 sztuk\u0119 Materia\u0142: karton (tektura), polipropylen Opis: &#8211; ekonomiczny segregator wykonany z kartonu o grubo\u015bci 1,9mm i gramaturze 1170gsm, wyposa\u017cony w doln\u0105 listw\u0119 wzmacniaj\u0105c\u0105 &#8211; pokryty matow\u0105 foli\u0105 polipropylenow\u0105 (100\u03bcm) o strukturze p\u0142\u00f3tna &#8211; wewn\u0105trz wyklejka papierowa o szarym zabarwieniu odporna na zabrudzenia &#8211; dwustronna, wymienna etykieta grzbietowa w kratk\u0119 &#8211; wzmocniony otw\u00f3r [&hellip;]<\/p>\n","protected":false},"featured_media":25390,"template":"","meta":{"jetpack_post_was_ever_published":false,"jetpack_publicize_message":"","jetpack_publicize_feature_enabled":true,"jetpack_social_post_already_shared":true,"jetpack_social_options":{"image_generator_settings":{"template":"highway","enabled":false}}},"product_cat":[278,294],"product_tag":[],"jetpack_publicize_connections":[],"jetpack_sharing_enabled":true,"_links":{"self":[{"href":"https:\/\/tuszuj.pl\/index.php?rest_route=\/wp\/v2\/product\/25389"}],"collection":[{"href":"https:\/\/tuszuj.pl\/index.php?rest_route=\/wp\/v2\/product"}],"about":[{"href":"https:\/\/tuszuj.pl\/index.php?rest_route=\/wp\/v2\/types\/product"}],"wp:featuredmedia":[{"embeddable":true,"href":"https:\/\/tuszuj.pl\/index.php?rest_route=\/wp\/v2\/media\/25390"}],"wp:attachment":[{"href":"https:\/\/tuszuj.pl\/index.php?rest_route=%2Fwp%2Fv2%2Fmedia&parent=25389"}],"wp:term":[{"taxonomy":"product_cat","embeddable":true,"href":"https:\/\/tuszuj.pl\/index.php?rest_route=%2Fwp%2Fv2%2Fproduct_cat&post=25389"},{"taxonomy":"product_tag","embeddable":true,"href":"https:\/\/tuszuj.pl\/index.php?rest_route=%2Fwp%2Fv2%2Fproduct_tag&post=25389"}],"curies":[{"name":"wp","href":"https:\/\/api.w.org\/{rel}","templated":true}]}}