{"id":25572,"date":"2022-01-30T23:34:03","date_gmt":"2022-01-30T22:34:03","guid":{"rendered":"https:\/\/tuszuj.pl\/?post_type=product&#038;p=25572"},"modified":"2024-01-30T10:25:30","modified_gmt":"2024-01-30T09:25:30","slug":"toner-smart-print-35a-cb435a","status":"publish","type":"product","link":"https:\/\/tuszuj.pl\/?product=toner-smart-print-35a-cb435a","title":{"rendered":"Toner Smart Print zamiennik HP 35A CB435A"},"content":{"rendered":"<p>Kolor: czarny<br \/>\nWydajno\u015b\u0107: 2000<br \/>\nKompatybilno\u015b\u0107: HP LJ M 1130 MFP, M 1130 MFP SERIES, M 1132 MFP, M 1134 MFP, M 1136 MFP, M 1137 MFP, M 1138 MFP, M 1139 MFP, M 1210 MFP, M 1210 MFP SERIES, M 1212 NF, M 1212 NF MFP, M 1213 NF MFP, M 1214 NFH MFP, M 1216 NFH MFP, M 1217 NFW MFP, M 1218 NFS MFP, M 1219 NFS MFP, P 1002, P 1002 W, P 1002 WL, P 1100, P 1100 SERIES, P 1101, P 1102, P 1102 W, P 1103, P 1104, P 1104 W, P 1106, P 1106 W, P 1108, P 1108 W, P 1109, P 1109 W, PRO M 1130 SERIES, PRO M 1132 MFP, PRO M 1134 MFP, PRO M 1136 MFP, PRO M 1137 MFP, PRO M 1138 MFP, PRO M 1139 MFP, PRO M 1210 SERIES, PRO M 1212 NF, PRO M 1212 NF MFP, PRO M 1213 NF MFP, PRO M 1214 NFH MFP, PRO M 1216 NFH MFP, PRO M 1217 NFW MFP, PRO M 1218 NFS MFP, PRO M 1219 NF MFP, PRO M 1219 NFS MFP, PRO P 1100, PRO P 1100 SERIES, PRO P 1101, PRO P 1102, PRO P 1102 W, PRO P 1103, PRO P 1104, PRO P 1104 W, PRO P 1106, PRO P 1106 W, PRO P 1108, PRO P 1108 W, PRO P 1109, PRO P 1109 W; LJ PROFESSIONAL M 1132 MFP, M 1134 MFP, M 1136 MFP, M 1137 MFP, M 1138 MFP, M 1139 MFP, P 1102, P 1102 W, P 1103, P 1104, P 1104 W, P 1106, P 1106 W, P 1107, P 1107 W, P 1108, P 1108 W, P 1109, P 1109 W; LJ M1212NF, H LASER JET P1002, P1003, P1004, P1005, P1006, P1009 CANON LBP 3050, 3150, 3010, 3100, 3018, 3108 H LASERJET P1500, 1505, 1522, 1503, P1504, P1505, P1506, P1503N, P1504N, P1505N, P1506N, M1120, M1120N, M1120A, M1120H, M1120W, M1522N, 1522F, M1522NF, M1522NT CANON LBP 3250 H LASERJET P1100, P1102, P1102W, M1130, M1132, 1134, M1210, M1212NF, M1214NFH, M1217NFW, M1218NF, M1219NF CANON LBP6018, 6000LBP6020<\/p>\n","protected":false},"excerpt":{"rendered":"<p>Kolor: czarny Wydajno\u015b\u0107: 2000 Kompatybilno\u015b\u0107: HP LJ M 1130 MFP, M 1130 MFP SERIES, M 1132 MFP, M 1134 MFP, M 1136 MFP, M 1137 MFP, M 1138 MFP, M 1139 MFP, M 1210 MFP, M 1210 MFP SERIES, M 1212 NF, M 1212 NF MFP, M 1213 NF MFP, M 1214 NFH MFP, M [&hellip;]<\/p>\n","protected":false},"featured_media":25227,"template":"","meta":{"jetpack_post_was_ever_published":false,"jetpack_publicize_message":"","jetpack_publicize_feature_enabled":true,"jetpack_social_post_already_shared":true,"jetpack_social_options":{"image_generator_settings":{"template":"highway","enabled":false}}},"product_cat":[200,203,231],"product_tag":[],"jetpack_publicize_connections":[],"jetpack_sharing_enabled":true,"_links":{"self":[{"href":"https:\/\/tuszuj.pl\/index.php?rest_route=\/wp\/v2\/product\/25572"}],"collection":[{"href":"https:\/\/tuszuj.pl\/index.php?rest_route=\/wp\/v2\/product"}],"about":[{"href":"https:\/\/tuszuj.pl\/index.php?rest_route=\/wp\/v2\/types\/product"}],"wp:featuredmedia":[{"embeddable":true,"href":"https:\/\/tuszuj.pl\/index.php?rest_route=\/wp\/v2\/media\/25227"}],"wp:attachment":[{"href":"https:\/\/tuszuj.pl\/index.php?rest_route=%2Fwp%2Fv2%2Fmedia&parent=25572"}],"wp:term":[{"taxonomy":"product_cat","embeddable":true,"href":"https:\/\/tuszuj.pl\/index.php?rest_route=%2Fwp%2Fv2%2Fproduct_cat&post=25572"},{"taxonomy":"product_tag","embeddable":true,"href":"https:\/\/tuszuj.pl\/index.php?rest_route=%2Fwp%2Fv2%2Fproduct_tag&post=25572"}],"curies":[{"name":"wp","href":"https:\/\/api.w.org\/{rel}","templated":true}]}}