{"id":25624,"date":"2023-03-23T22:41:20","date_gmt":"2023-03-23T21:41:20","guid":{"rendered":"https:\/\/tuszuj.pl\/?post_type=product&#038;p=25624"},"modified":"2024-05-05T16:56:32","modified_gmt":"2024-05-05T14:56:32","slug":"papier-ksero-a4-polspeed-80g-m2-500-ark-153-cie","status":"publish","type":"product","link":"https:\/\/tuszuj.pl\/?product=papier-ksero-a4-polspeed-80g-m2-500-ark-153-cie","title":{"rendered":"Papier ksero A4 Polspeed 80g\/m2 500 ark 153 CIE"},"content":{"rendered":"<p>Papier ksero bia\u0142y,<br \/>\nPrzeznaczenie: do zastosowa\u0144 biurowych \u2013 drukarki, kserokopiarki<\/p>\n<p>Wyprodukowany w Polsce<br \/>\nKlasa: C<br \/>\nFormat papieru A4 (297\u00d7420);<br \/>\nGramatura (g\/m\u00b2) 80<br \/>\nBia\u0142o\u015b\u0107 (CIE) 153 +\/-2<br \/>\nIlo\u015b\u0107: 500 arkuszy<\/p>\n","protected":false},"excerpt":{"rendered":"<p>Papier ksero bia\u0142y, Przeznaczenie: do zastosowa\u0144 biurowych \u2013 drukarki, kserokopiarki Wyprodukowany w Polsce Klasa: C Format papieru A4 (297\u00d7420); Gramatura (g\/m\u00b2) 80 Bia\u0142o\u015b\u0107 (CIE) 153 +\/-2 Ilo\u015b\u0107: 500 arkuszy<\/p>\n","protected":false},"featured_media":25625,"template":"","meta":{"jetpack_post_was_ever_published":false,"jetpack_publicize_message":"","jetpack_publicize_feature_enabled":true,"jetpack_social_post_already_shared":true,"jetpack_social_options":{"image_generator_settings":{"template":"highway","enabled":false}}},"product_cat":[278,292],"product_tag":[],"jetpack_publicize_connections":[],"jetpack_sharing_enabled":true,"_links":{"self":[{"href":"https:\/\/tuszuj.pl\/index.php?rest_route=\/wp\/v2\/product\/25624"}],"collection":[{"href":"https:\/\/tuszuj.pl\/index.php?rest_route=\/wp\/v2\/product"}],"about":[{"href":"https:\/\/tuszuj.pl\/index.php?rest_route=\/wp\/v2\/types\/product"}],"wp:featuredmedia":[{"embeddable":true,"href":"https:\/\/tuszuj.pl\/index.php?rest_route=\/wp\/v2\/media\/25625"}],"wp:attachment":[{"href":"https:\/\/tuszuj.pl\/index.php?rest_route=%2Fwp%2Fv2%2Fmedia&parent=25624"}],"wp:term":[{"taxonomy":"product_cat","embeddable":true,"href":"https:\/\/tuszuj.pl\/index.php?rest_route=%2Fwp%2Fv2%2Fproduct_cat&post=25624"},{"taxonomy":"product_tag","embeddable":true,"href":"https:\/\/tuszuj.pl\/index.php?rest_route=%2Fwp%2Fv2%2Fproduct_tag&post=25624"}],"curies":[{"name":"wp","href":"https:\/\/api.w.org\/{rel}","templated":true}]}}